{"id":381,"date":"2020-10-29T12:11:12","date_gmt":"2020-10-29T12:11:12","guid":{"rendered":"https:\/\/ccbabogados.com\/?page_id=381"},"modified":"2025-07-23T18:45:13","modified_gmt":"2025-07-23T18:45:13","slug":"luis-anibal-garces-paredes","status":"publish","type":"page","link":"https:\/\/ccbabogados.com\/en\/luis-anibal-garces-paredes\/","title":{"rendered":"Luis An\u00edbal Garc\u00e9s Paredes"},"content":{"rendered":"<p><div id=\"experience\"><div class=\"fusion-fullwidth fullwidth-box fusion-builder-row-1 hundred-percent-fullwidth non-hundred-percent-height-scrolling fusion-equal-height-columns\"  style='background-color: #1c212a;background-position: left top;background-repeat: no-repeat;padding-top:0px;padding-bottom:0px;margin-bottom: 0px;margin-top: 0px;border-top-width:0px;border-bottom-width:0px;border-color:#eae9e9;border-top-style:solid;border-bottom-style:solid;'><div class=\"fusion-builder-row fusion-row\"><div  class=\"fusion-layout-column fusion_builder_column fusion_builder_column_1_2 fusion-builder-column-0 fusion-one-half fusion-column-first 1_2\"  style='margin-top:0px;margin-bottom:0px;'><div class=\"fusion-column-wrapper\" style=\"background-color:#1c212a;padding: 115px 10% 175px 10%;background-position:left top;background-repeat:no-repeat;-webkit-background-size:cover;-moz-background-size:cover;-o-background-size:cover;background-size:cover;\"   data-bg-url=\"\"><style type=\"text\/css\"><\/style><div class=\"fusion-title title fusion-title-1 fusion-title-text fusion-title-size-two\" style=\"font-size:50PX;margin-top:0px;margin-bottom:31px;\"><h2 class=\"title-heading-left\" style=\"margin:0;font-size:1em;\"><strong>LUIS AN\u00cdBAL GARC\u00c9S PAREDES<\/strong><\/h2><div class=\"title-sep-container\"><div class=\"title-sep sep-\" style=\"border-color:#e0dede;\"><\/div><\/div><\/div><div class=\"fusion-sep-clear\"><\/div><div class=\"fusion-separator sep-single sep-solid\" style=\"border-color:#d51317;border-top-width:1px;margin-top:0px;margin-bottom:20px;width:100%;max-width:167px;\"><\/div><div class=\"fusion-text\"><p style=\"text-align: justify;\"><span style=\"font-weight: 400; color: #ffffff;\">Luis An\u00edbal Garc\u00e9s es Asociado en CCB ABOGADOS con m\u00e1s de 8 a\u00f1os de experiencia en Derecho Procesal, Derecho Laboral y Recuperaci\u00f3n de Cartera. Luis tiene amplia experiencia en asesor\u00eda a empresas de originaci\u00f3n de cartera, as\u00ed como instrumentaci\u00f3n en la instrumentaci\u00f3n de cr\u00e9ditos y garant\u00edas. <\/span><\/p>\n<p style=\"text-align: justify;\"><span style=\"font-weight: 400; color: #ffffff;\">Within his duties, Luis provides legal support to automobile dealerships of prestigious brands and car finance companies, as well as advice on the instrumentation of credit, portfolio purchase and sale transactions and subsequent recovery and collection.<\/span><\/p>\n<\/div><div class=\"fusion-clearfix\"><\/div><\/div><\/div><div  class=\"fusion-layout-column fusion_builder_column fusion_builder_column_1_2 fusion-builder-column-1 fusion-one-half fusion-column-last 1_2\"  style='margin-top:0px;margin-bottom:0px;'><div class=\"fusion-column-wrapper\" style=\"background-color:#1c212a;padding: 115px 10% 115px 10%;background-position:left top;background-repeat:no-repeat;-webkit-background-size:cover;-moz-background-size:cover;-o-background-size:cover;background-size:cover;\"   data-bg-url=\"\"><span class=\"fusion-imageframe imageframe-none imageframe-1 hover-type-none\"><img decoding=\"async\" src=\"https:\/\/ccbabogados.com\/wp-content\/uploads\/2024\/06\/Luis-Garces.jpeg\" width=\"1000\" height=\"1500\" alt=\"\" title=\"Luis-Garc\u00e9s\" class=\"img-responsive wp-image-1605\" srcset=\"https:\/\/ccbabogados.com\/wp-content\/uploads\/2024\/06\/Luis-Garces-200x300.jpeg 200w, https:\/\/ccbabogados.com\/wp-content\/uploads\/2024\/06\/Luis-Garces-400x600.jpeg 400w, https:\/\/ccbabogados.com\/wp-content\/uploads\/2024\/06\/Luis-Garces-600x900.jpeg 600w, https:\/\/ccbabogados.com\/wp-content\/uploads\/2024\/06\/Luis-Garces-800x1200.jpeg 800w, https:\/\/ccbabogados.com\/wp-content\/uploads\/2024\/06\/Luis-Garces.jpeg 1000w\" sizes=\"(max-width: 1215px) 100vw, (max-width: 1919px) 800px,(min-width: 1920px) 50vw\" \/><\/span><div class=\"fusion-sep-clear\"><\/div><div class=\"fusion-separator fusion-full-width-sep sep-none\" style=\"margin-top:20px;\"><\/div><div class=\"fusion-sep-clear\"><\/div><div class=\"fusion-separator sep-single sep-solid\" style=\"border-color:#d51317;border-top-width:1px;margin-left: auto;margin-right: auto;margin-top:0px;margin-bottom:20px;width:100%;max-width:179px;\"><\/div><div class=\"fusion-sep-clear\"><\/div><div class=\"fusion-separator fusion-full-width-sep sep-none\" style=\"margin-top:20px;\"><\/div><div class=\"fusion-button-wrapper fusion-aligncenter\"><style type=\"text\/css\">.fusion-button.button-1 {border-radius:2px;}<\/style><a class=\"fusion-button button-flat fusion-button-default-size button-default button-1 fusion-button-default-span fusion-button-default-type next-button\" target=\"_self\" href=\"mailto:contaco@ccbabogados.com\"><i class=\"fa-chevron-down fas button-icon-left\"><\/i><span class=\"fusion-button-text\">CONTACT<\/span><\/a><\/div><div class=\"fusion-clearfix\"><\/div><\/div><\/div><\/div><\/div><\/div><style type=\"text\/css\">.fusion-fullwidth.fusion-builder-row-1 a:not(.fusion-button):not(.fusion-builder-module-control):not(.fusion-social-network-icon):not(.fb-icon-element):not(.fusion-countdown-link):not(.fusion-rollover-link):not(.fusion-rollover-gallery):not(.add_to_cart_button):not(.show_details_button):not(.product_type_external):not(.fusion-quick-view):not(.fusion-rollover-title-link) , .fusion-fullwidth.fusion-builder-row-1 a:not(.fusion-button):not(.fusion-builder-module-control):not(.fusion-social-network-icon):not(.fb-icon-element):not(.fusion-countdown-link):not(.fusion-rollover-link):not(.fusion-rollover-gallery):not(.add_to_cart_button):not(.show_details_button):not(.product_type_external):not(.fusion-quick-view):not(.fusion-rollover-title-link):before, .fusion-fullwidth.fusion-builder-row-1 a:not(.fusion-button):not(.fusion-builder-module-control):not(.fusion-social-network-icon):not(.fb-icon-element):not(.fusion-countdown-link):not(.fusion-rollover-link):not(.fusion-rollover-gallery):not(.add_to_cart_button):not(.show_details_button):not(.product_type_external):not(.fusion-quick-view):not(.fusion-rollover-title-link):after {color: #8f140b;}.fusion-fullwidth.fusion-builder-row-1 a:not(.fusion-button):not(.fusion-builder-module-control):not(.fusion-social-network-icon):not(.fb-icon-element):not(.fusion-countdown-link):not(.fusion-rollover-link):not(.fusion-rollover-gallery):not(.add_to_cart_button):not(.show_details_button):not(.product_type_external):not(.fusion-quick-view):not(.fusion-rollover-title-link):hover, .fusion-fullwidth.fusion-builder-row-1 a:not(.fusion-button):not(.fusion-builder-module-control):not(.fusion-social-network-icon):not(.fb-icon-element):not(.fusion-countdown-link):not(.fusion-rollover-link):not(.fusion-rollover-gallery):not(.add_to_cart_button):not(.show_details_button):not(.product_type_external):not(.fusion-quick-view):not(.fusion-rollover-title-link):hover:before, .fusion-fullwidth.fusion-builder-row-1 a:not(.fusion-button):not(.fusion-builder-module-control):not(.fusion-social-network-icon):not(.fb-icon-element):not(.fusion-countdown-link):not(.fusion-rollover-link):not(.fusion-rollover-gallery):not(.add_to_cart_button):not(.show_details_button):not(.product_type_external):not(.fusion-quick-view):not(.fusion-rollover-title-link):hover:after {color: #8f140b;}.fusion-fullwidth.fusion-builder-row-1 .pagination a.inactive:hover, .fusion-fullwidth.fusion-builder-row-1 .fusion-filters .fusion-filter.fusion-active a {border-color: #8f140b;}.fusion-fullwidth.fusion-builder-row-1 .pagination .current {border-color: #8f140b; background-color: #8f140b;}.fusion-fullwidth.fusion-builder-row-1 .fusion-filters .fusion-filter.fusion-active a, .fusion-fullwidth.fusion-builder-row-1 .fusion-date-and-formats .fusion-format-box, .fusion-fullwidth.fusion-builder-row-1 .fusion-popover, .fusion-fullwidth.fusion-builder-row-1 .tooltip-shortcode {color: #8f140b;}#main .fusion-fullwidth.fusion-builder-row-1 .post .blog-shortcode-post-title a:hover {color: #8f140b;}<\/style><div class=\"fusion-fullwidth fullwidth-box fusion-builder-row-2 nonhundred-percent-fullwidth non-hundred-percent-height-scrolling\"  style='background-color: rgba(255,255,255,0);background-position: center center;background-repeat: no-repeat;padding-top:0px;padding-right:30px;padding-bottom:0px;padding-left:30px;'><div class=\"fusion-builder-row fusion-row\"><div  class=\"fusion-layout-column fusion_builder_column fusion_builder_column_1_1 fusion-builder-column-2 fusion-one-full fusion-column-first fusion-column-last 1_1\"  style='margin-top:0px;margin-bottom:20px;'><div class=\"fusion-column-wrapper\" style=\"background-color:#1c212a;padding: 0px 0px 0px 0px;background-position:left top;background-repeat:no-repeat;-webkit-background-size:cover;-moz-background-size:cover;-o-background-size:cover;background-size:cover;\"   data-bg-url=\"\"><div class=\"fusion-tabs fusion-tabs-1 classic vertical-tabs icon-position-left\"><style type=\"text\/css\">.fusion-tabs.fusion-tabs-1 .nav-tabs li a.tab-link{border-top-color:rgba(26,30,37,0.49);background-color:rgba(26,30,37,0.49);}.fusion-tabs.fusion-tabs-1 .nav-tabs{background-color:#1a1e25;}.fusion-tabs.fusion-tabs-1 .nav-tabs li.active a.tab-link,.fusion-tabs.fusion-tabs-1 .nav-tabs li.active a.tab-link:hover,.fusion-tabs.fusion-tabs-1 .nav-tabs li.active a.tab-link:focus{border-right-color:#1a1e25;}.fusion-tabs.fusion-tabs-1 .nav-tabs li.active a.tab-link,.fusion-tabs.fusion-tabs-1 .nav-tabs li.active a.tab-link:hover,.fusion-tabs.fusion-tabs-1 .nav-tabs li.active a.tab-link:focus{background-color:#1a1e25;}.fusion-tabs.fusion-tabs-1 .nav-tabs li a:hover{background-color:#1a1e25;border-top-color:#1a1e25;}.fusion-tabs.fusion-tabs-1 .tab-pane{background-color:#1a1e25;}.fusion-tabs.fusion-tabs-1 .nav,.fusion-tabs.fusion-tabs-1 .nav-tabs,.fusion-tabs.fusion-tabs-1 .tab-content .tab-pane{border-color:rgba(235,234,234,0);}<\/style><div class=\"nav\"><ul class=\"nav-tabs\"><li class=\"active\"><a class=\"tab-link\" data-toggle=\"tab\" id=\"fusion-tab-\u00c1reasdeespecialidad\" href=\"#tab-20d2a2e3743ea0efde0\"><h4 class=\"fusion-tab-heading\">Areas of Expertise<\/h4><\/a><\/li><li><a class=\"tab-link\" data-toggle=\"tab\" id=\"fusion-tab-estudios\" href=\"#tab-77a99d7d270334dc4a6\"><h4 class=\"fusion-tab-heading\">Education<\/h4><\/a><\/li><li><a class=\"tab-link\" data-toggle=\"tab\" id=\"fusion-tab-trayectoriaprofesionalrelevante\" href=\"#tab-c93be3cc57e9e50d146\"><h4 class=\"fusion-tab-heading\">Relevant Professional Experience <\/h4><\/a><\/li><li><a class=\"tab-link\" data-toggle=\"tab\" id=\"fusion-tab-membres\u00edasyreconocimientos\" href=\"#tab-d94fd9297fd43ea3479\"><h4 class=\"fusion-tab-heading\">Affiliations and Recognitions<\/h4><\/a><\/li><\/ul><\/div><div class=\"tab-content\"><div class=\"nav fusion-mobile-tab-nav\"><ul class=\"nav-tabs\"><li class=\"active\"><a class=\"tab-link\" data-toggle=\"tab\" id=\"mobile-fusion-tab-\u00c1reasdeespecialidad\" href=\"#tab-20d2a2e3743ea0efde0\"><h4 class=\"fusion-tab-heading\">Areas of Expertise<\/h4><\/a><\/li><\/ul><\/div><div class=\"tab-pane fade fusion-clearfix in active\" id=\"tab-20d2a2e3743ea0efde0\">\n<div class=\"fusion-text\">\n<p>Labor<\/p>\n<p><span style=\"font-weight: 400;\">Portfolio recovery\u00a0<\/span><\/p>\n<p><span style=\"font-weight: 400;\">Litigation<\/span><\/p>\n<\/div>\n<\/div><div class=\"nav fusion-mobile-tab-nav\"><ul class=\"nav-tabs\"><li><a class=\"tab-link\" data-toggle=\"tab\" id=\"mobile-fusion-tab-estudios\" href=\"#tab-77a99d7d270334dc4a6\"><h4 class=\"fusion-tab-heading\">Education<\/h4><\/a><\/li><\/ul><\/div><div class=\"tab-pane fade fusion-clearfix\" id=\"tab-77a99d7d270334dc4a6\">\n<p>Graduated as a lawyer from the Universidad de las Am\u00e9ricas (Ecuador)<\/p>\n<p>Master of Law and International Commerce \u2013 Universidad Internacional de la Rioja (Spain)<\/p>\n<p>Specialization in Procedural Law (candidate) \u2013 Universidad Andina Sim\u00f3n Bol\u00edvar (Ecuador)<\/p>\n<p>Specialization in Procedural Law (candidate) \u2013 Universidad Andina Sim\u00f3n Bol\u00edvar (Ecuador)<\/p>\n<\/div><div class=\"nav fusion-mobile-tab-nav\"><ul class=\"nav-tabs\"><li><a class=\"tab-link\" data-toggle=\"tab\" id=\"mobile-fusion-tab-trayectoriaprofesionalrelevante\" href=\"#tab-c93be3cc57e9e50d146\"><h4 class=\"fusion-tab-heading\">Relevant Professional Experience <\/h4><\/a><\/li><\/ul><\/div><div class=\"tab-pane fade fusion-clearfix\" id=\"tab-c93be3cc57e9e50d146\">\n<div class=\"fusion-text\">\n<p><span style=\"font-weight: 400;\">Associate \u2013 CCB ABOGADOS\u00a0<\/span><\/p>\n<p><span style=\"font-weight: 400;\">Legal Assistant \u2013 Legal Aid Center at the Universidad de las Am\u00e9ricas\u00a0<\/span><\/p>\n<p><span style=\"font-weight: 400;\">Legal Assistant \u2013OCP Ecuador S.A.\u00a0<\/span><\/p>\n<\/div>\n<\/div><div class=\"nav fusion-mobile-tab-nav\"><ul class=\"nav-tabs\"><li><a class=\"tab-link\" data-toggle=\"tab\" id=\"mobile-fusion-tab-membres\u00edasyreconocimientos\" href=\"#tab-d94fd9297fd43ea3479\"><h4 class=\"fusion-tab-heading\">Affiliations and Recognitions<\/h4><\/a><\/li><\/ul><\/div><div class=\"tab-pane fade fusion-clearfix\" id=\"tab-d94fd9297fd43ea3479\">\n<div class=\"fusion-text\">\n<p><span style=\"font-weight: 400;\">Forum of Lawyers<\/span><\/p>\n<\/div>\n<\/div><\/div><\/div><div class=\"fusion-clearfix\"><\/div><\/div><\/div><\/div><\/div><style type=\"text\/css\">.fusion-fullwidth.fusion-builder-row-2 a:not(.fusion-button):not(.fusion-builder-module-control):not(.fusion-social-network-icon):not(.fb-icon-element):not(.fusion-countdown-link):not(.fusion-rollover-link):not(.fusion-rollover-gallery):not(.add_to_cart_button):not(.show_details_button):not(.product_type_external):not(.fusion-quick-view):not(.fusion-rollover-title-link) , .fusion-fullwidth.fusion-builder-row-2 a:not(.fusion-button):not(.fusion-builder-module-control):not(.fusion-social-network-icon):not(.fb-icon-element):not(.fusion-countdown-link):not(.fusion-rollover-link):not(.fusion-rollover-gallery):not(.add_to_cart_button):not(.show_details_button):not(.product_type_external):not(.fusion-quick-view):not(.fusion-rollover-title-link):before, .fusion-fullwidth.fusion-builder-row-2 a:not(.fusion-button):not(.fusion-builder-module-control):not(.fusion-social-network-icon):not(.fb-icon-element):not(.fusion-countdown-link):not(.fusion-rollover-link):not(.fusion-rollover-gallery):not(.add_to_cart_button):not(.show_details_button):not(.product_type_external):not(.fusion-quick-view):not(.fusion-rollover-title-link):after {color: #8f140b;}.fusion-fullwidth.fusion-builder-row-2 a:not(.fusion-button):not(.fusion-builder-module-control):not(.fusion-social-network-icon):not(.fb-icon-element):not(.fusion-countdown-link):not(.fusion-rollover-link):not(.fusion-rollover-gallery):not(.add_to_cart_button):not(.show_details_button):not(.product_type_external):not(.fusion-quick-view):not(.fusion-rollover-title-link):hover, .fusion-fullwidth.fusion-builder-row-2 a:not(.fusion-button):not(.fusion-builder-module-control):not(.fusion-social-network-icon):not(.fb-icon-element):not(.fusion-countdown-link):not(.fusion-rollover-link):not(.fusion-rollover-gallery):not(.add_to_cart_button):not(.show_details_button):not(.product_type_external):not(.fusion-quick-view):not(.fusion-rollover-title-link):hover:before, .fusion-fullwidth.fusion-builder-row-2 a:not(.fusion-button):not(.fusion-builder-module-control):not(.fusion-social-network-icon):not(.fb-icon-element):not(.fusion-countdown-link):not(.fusion-rollover-link):not(.fusion-rollover-gallery):not(.add_to_cart_button):not(.show_details_button):not(.product_type_external):not(.fusion-quick-view):not(.fusion-rollover-title-link):hover:after {color: #8f140b;}.fusion-fullwidth.fusion-builder-row-2 .pagination a.inactive:hover, .fusion-fullwidth.fusion-builder-row-2 .fusion-filters .fusion-filter.fusion-active a {border-color: #8f140b;}.fusion-fullwidth.fusion-builder-row-2 .pagination .current {border-color: #8f140b; background-color: #8f140b;}.fusion-fullwidth.fusion-builder-row-2 .fusion-filters .fusion-filter.fusion-active a, .fusion-fullwidth.fusion-builder-row-2 .fusion-date-and-formats .fusion-format-box, .fusion-fullwidth.fusion-builder-row-2 .fusion-popover, .fusion-fullwidth.fusion-builder-row-2 .tooltip-shortcode {color: #8f140b;}#main .fusion-fullwidth.fusion-builder-row-2 .post .blog-shortcode-post-title a:hover {color: #8f140b;}<\/style><\/p>","protected":false},"excerpt":{"rendered":"","protected":false},"author":1,"featured_media":0,"parent":0,"menu_order":0,"comment_status":"closed","ping_status":"open","template":"100-width.php","meta":{"footnotes":""},"class_list":["post-381","page","type-page","status-publish","hentry"],"yoast_head":"<!-- This site is optimized with the Yoast SEO Premium plugin v25.5 (Yoast SEO v26.9) - https:\/\/yoast.com\/product\/yoast-seo-premium-wordpress\/ -->\n<title>Luis An\u00edbal Garc\u00e9s Paredes - CCB Abogados<\/title>\n<meta name=\"robots\" content=\"index, follow, max-snippet:-1, max-image-preview:large, max-video-preview:-1\" \/>\n<link rel=\"canonical\" href=\"https:\/\/ccbabogados.com\/en\/luis-anibal-garces-paredes\/\" \/>\n<meta property=\"og:locale\" content=\"en_US\" \/>\n<meta property=\"og:type\" content=\"article\" \/>\n<meta property=\"og:title\" content=\"Luis An\u00edbal Garc\u00e9s Paredes\" \/>\n<meta property=\"og:url\" content=\"https:\/\/ccbabogados.com\/en\/luis-anibal-garces-paredes\/\" \/>\n<meta property=\"og:site_name\" content=\"CCB Abogados\" \/>\n<meta property=\"article:modified_time\" content=\"2025-07-23T18:45:13+00:00\" \/>\n<meta name=\"twitter:card\" content=\"summary_large_image\" \/>\n<meta name=\"twitter:label1\" content=\"Est. reading time\" \/>\n\t<meta name=\"twitter:data1\" content=\"4 minutes\" \/>\n<script type=\"application\/ld+json\" class=\"yoast-schema-graph\">{\"@context\":\"https:\/\/schema.org\",\"@graph\":[{\"@type\":\"WebPage\",\"@id\":\"https:\/\/ccbabogados.com\/luis-anibal-garces-paredes\/\",\"url\":\"https:\/\/ccbabogados.com\/luis-anibal-garces-paredes\/\",\"name\":\"Luis An\u00edbal Garc\u00e9s Paredes - CCB Abogados\",\"isPartOf\":{\"@id\":\"https:\/\/ccbabogados.com\/#website\"},\"datePublished\":\"2020-10-29T12:11:12+00:00\",\"dateModified\":\"2025-07-23T18:45:13+00:00\",\"breadcrumb\":{\"@id\":\"https:\/\/ccbabogados.com\/luis-anibal-garces-paredes\/#breadcrumb\"},\"inLanguage\":\"en-US\",\"potentialAction\":[{\"@type\":\"ReadAction\",\"target\":[\"https:\/\/ccbabogados.com\/luis-anibal-garces-paredes\/\"]}]},{\"@type\":\"BreadcrumbList\",\"@id\":\"https:\/\/ccbabogados.com\/luis-anibal-garces-paredes\/#breadcrumb\",\"itemListElement\":[{\"@type\":\"ListItem\",\"position\":1,\"name\":\"Portada\",\"item\":\"https:\/\/ccbabogados.com\/\"},{\"@type\":\"ListItem\",\"position\":2,\"name\":\"Luis An\u00edbal Garc\u00e9s Paredes\"}]},{\"@type\":\"WebSite\",\"@id\":\"https:\/\/ccbabogados.com\/#website\",\"url\":\"https:\/\/ccbabogados.com\/\",\"name\":\"CCB ABOGADOS\",\"description\":\"CCB Abogados\",\"publisher\":{\"@id\":\"https:\/\/ccbabogados.com\/#organization\"},\"potentialAction\":[{\"@type\":\"SearchAction\",\"target\":{\"@type\":\"EntryPoint\",\"urlTemplate\":\"https:\/\/ccbabogados.com\/?s={search_term_string}\"},\"query-input\":{\"@type\":\"PropertyValueSpecification\",\"valueRequired\":true,\"valueName\":\"search_term_string\"}}],\"inLanguage\":\"en-US\"},{\"@type\":\"Organization\",\"@id\":\"https:\/\/ccbabogados.com\/#organization\",\"name\":\"CCB Abogados\",\"url\":\"https:\/\/ccbabogados.com\/\",\"logo\":{\"@type\":\"ImageObject\",\"inLanguage\":\"en-US\",\"@id\":\"https:\/\/ccbabogados.com\/#\/schema\/logo\/image\/\",\"url\":\"https:\/\/ccbabogados.com\/wp-content\/uploads\/2023\/07\/ccb-logo-new-1.png\",\"contentUrl\":\"https:\/\/ccbabogados.com\/wp-content\/uploads\/2023\/07\/ccb-logo-new-1.png\",\"width\":934,\"height\":917,\"caption\":\"CCB Abogados\"},\"image\":{\"@id\":\"https:\/\/ccbabogados.com\/#\/schema\/logo\/image\/\"}}]}<\/script>\n<!-- \/ Yoast SEO Premium plugin. -->","yoast_head_json":{"title":"Luis An\u00edbal Garc\u00e9s Paredes - CCB Abogados","robots":{"index":"index","follow":"follow","max-snippet":"max-snippet:-1","max-image-preview":"max-image-preview:large","max-video-preview":"max-video-preview:-1"},"canonical":"https:\/\/ccbabogados.com\/en\/luis-anibal-garces-paredes\/","og_locale":"en_US","og_type":"article","og_title":"Luis An\u00edbal Garc\u00e9s Paredes","og_url":"https:\/\/ccbabogados.com\/en\/luis-anibal-garces-paredes\/","og_site_name":"CCB Abogados","article_modified_time":"2025-07-23T18:45:13+00:00","twitter_card":"summary_large_image","twitter_misc":{"Est. reading time":"4 minutes"},"schema":{"@context":"https:\/\/schema.org","@graph":[{"@type":"WebPage","@id":"https:\/\/ccbabogados.com\/luis-anibal-garces-paredes\/","url":"https:\/\/ccbabogados.com\/luis-anibal-garces-paredes\/","name":"Luis An\u00edbal Garc\u00e9s Paredes - CCB Abogados","isPartOf":{"@id":"https:\/\/ccbabogados.com\/#website"},"datePublished":"2020-10-29T12:11:12+00:00","dateModified":"2025-07-23T18:45:13+00:00","breadcrumb":{"@id":"https:\/\/ccbabogados.com\/luis-anibal-garces-paredes\/#breadcrumb"},"inLanguage":"en-US","potentialAction":[{"@type":"ReadAction","target":["https:\/\/ccbabogados.com\/luis-anibal-garces-paredes\/"]}]},{"@type":"BreadcrumbList","@id":"https:\/\/ccbabogados.com\/luis-anibal-garces-paredes\/#breadcrumb","itemListElement":[{"@type":"ListItem","position":1,"name":"Portada","item":"https:\/\/ccbabogados.com\/"},{"@type":"ListItem","position":2,"name":"Luis An\u00edbal Garc\u00e9s Paredes"}]},{"@type":"WebSite","@id":"https:\/\/ccbabogados.com\/#website","url":"https:\/\/ccbabogados.com\/","name":"CCB ABOGADOS","description":"CCB Abogados","publisher":{"@id":"https:\/\/ccbabogados.com\/#organization"},"potentialAction":[{"@type":"SearchAction","target":{"@type":"EntryPoint","urlTemplate":"https:\/\/ccbabogados.com\/?s={search_term_string}"},"query-input":{"@type":"PropertyValueSpecification","valueRequired":true,"valueName":"search_term_string"}}],"inLanguage":"en-US"},{"@type":"Organization","@id":"https:\/\/ccbabogados.com\/#organization","name":"CCB Abogados","url":"https:\/\/ccbabogados.com\/","logo":{"@type":"ImageObject","inLanguage":"en-US","@id":"https:\/\/ccbabogados.com\/#\/schema\/logo\/image\/","url":"https:\/\/ccbabogados.com\/wp-content\/uploads\/2023\/07\/ccb-logo-new-1.png","contentUrl":"https:\/\/ccbabogados.com\/wp-content\/uploads\/2023\/07\/ccb-logo-new-1.png","width":934,"height":917,"caption":"CCB Abogados"},"image":{"@id":"https:\/\/ccbabogados.com\/#\/schema\/logo\/image\/"}}]}},"_links":{"self":[{"href":"https:\/\/ccbabogados.com\/en\/wp-json\/wp\/v2\/pages\/381","targetHints":{"allow":["GET"]}}],"collection":[{"href":"https:\/\/ccbabogados.com\/en\/wp-json\/wp\/v2\/pages"}],"about":[{"href":"https:\/\/ccbabogados.com\/en\/wp-json\/wp\/v2\/types\/page"}],"author":[{"embeddable":true,"href":"https:\/\/ccbabogados.com\/en\/wp-json\/wp\/v2\/users\/1"}],"replies":[{"embeddable":true,"href":"https:\/\/ccbabogados.com\/en\/wp-json\/wp\/v2\/comments?post=381"}],"version-history":[{"count":3,"href":"https:\/\/ccbabogados.com\/en\/wp-json\/wp\/v2\/pages\/381\/revisions"}],"predecessor-version":[{"id":2129,"href":"https:\/\/ccbabogados.com\/en\/wp-json\/wp\/v2\/pages\/381\/revisions\/2129"}],"wp:attachment":[{"href":"https:\/\/ccbabogados.com\/en\/wp-json\/wp\/v2\/media?parent=381"}],"curies":[{"name":"wp","href":"https:\/\/api.w.org\/{rel}","templated":true}]}}