{"id":359,"date":"2020-03-23T14:48:43","date_gmt":"2020-03-23T14:48:43","guid":{"rendered":"https:\/\/ccbabogados.com\/?page_id=359"},"modified":"2026-03-11T18:40:56","modified_gmt":"2026-03-11T18:40:56","slug":"carlos-julio-balseca","status":"publish","type":"page","link":"https:\/\/ccbabogados.com\/en\/carlos-julio-balseca\/","title":{"rendered":"Carlos Julio Balseca"},"content":{"rendered":"<p><div id=\"experience\"><div class=\"fusion-fullwidth fullwidth-box fusion-builder-row-1 hundred-percent-fullwidth non-hundred-percent-height-scrolling fusion-equal-height-columns\"  style='background-color: #1c212a;background-position: left top;background-repeat: no-repeat;padding-top:0px;padding-bottom:0px;margin-bottom: 0px;margin-top: 0px;border-top-width:0px;border-bottom-width:0px;border-color:#eae9e9;border-top-style:solid;border-bottom-style:solid;'><div class=\"fusion-builder-row fusion-row\"><div  class=\"fusion-layout-column fusion_builder_column fusion_builder_column_1_2 fusion-builder-column-0 fusion-one-half fusion-column-first 1_2\"  style='margin-top:0px;margin-bottom:0px;'><div class=\"fusion-column-wrapper\" style=\"background-color:#1c212a;padding: 115px 10% 115px 10%;background-position:left top;background-repeat:no-repeat;-webkit-background-size:cover;-moz-background-size:cover;-o-background-size:cover;background-size:cover;\"   data-bg-url=\"\"><style type=\"text\/css\"><\/style><div class=\"fusion-title title fusion-title-1 fusion-title-text fusion-title-size-two\" style=\"font-size:50PX;margin-top:0px;margin-bottom:31px;\"><h2 class=\"title-heading-left\" style=\"margin:0;font-size:1em;\">CARLOS JULIO BALSECA \u00c1VILA<\/h2><div class=\"title-sep-container\"><div class=\"title-sep sep-\" style=\"border-color:#e0dede;\"><\/div><\/div><\/div><div class=\"fusion-sep-clear\"><\/div><div class=\"fusion-separator sep-single sep-solid\" style=\"border-color:#d51317;border-top-width:1px;margin-top:0px;margin-bottom:20px;width:100%;max-width:167px;\"><\/div><div class=\"fusion-text\"><p style=\"text-align: justify;\"><span style=\"font-weight: 400; color: #ffffff;\">Carlos Julio is a partner at CCB ABOGADOS, with more than 12 years\u2019 experience in tax and corporate law.<\/span><\/p>\n<p style=\"text-align: justify;\"><span style=\"font-weight: 400; color: #ffffff;\">Within the firm, Carlos Julio heads the tax and corporate departments, providing legal advice to national and international clients. He is experienced in matters related to local and international fiscal planning. He represents clients in administrative level requests and claims and judicial and administrative tax procedures. <\/span><\/p>\n<p style=\"text-align: justify;\"><span style=\"font-weight: 400; color: #ffffff;\">He has significant expertise in foreign investment projects. In the corporate area, he is an expert in business structures, corporate government, mergers, acquisitions and commercial contracts. <\/span><\/p>\n<p style=\"text-align: justify;\"><span style=\"font-weight: 400; color: #ffffff;\">Carlos Julio actively participates in seminars and gives classes and courses in his field. <\/span><\/p>\n<p style=\"text-align: justify;\"><span style=\"font-weight: 400; color: #ffffff;\">He has been recognized by important legal directories within their rankings, namely Leaders League, The Legal 500, and International Advisory Experts.<\/span><\/p>\n<\/div><div class=\"fusion-clearfix\"><\/div><\/div><\/div><div  class=\"fusion-layout-column fusion_builder_column fusion_builder_column_1_2 fusion-builder-column-1 fusion-one-half fusion-column-last 1_2\"  style='margin-top:0px;margin-bottom:0px;'><div class=\"fusion-column-wrapper\" style=\"background-color:#1c212a;padding: 115px 10% 115px 10%;background-position:left top;background-repeat:no-repeat;-webkit-background-size:cover;-moz-background-size:cover;-o-background-size:cover;background-size:cover;\"   data-bg-url=\"\"><span class=\"fusion-imageframe imageframe-none imageframe-1 hover-type-none\"><img decoding=\"async\" src=\"https:\/\/ccbabogados.com\/wp-content\/uploads\/2024\/06\/Carlos-Balseca.jpg\" width=\"1000\" height=\"1500\" alt=\"\" title=\"Carlos-Balseca\" class=\"img-responsive wp-image-1585\" srcset=\"https:\/\/ccbabogados.com\/wp-content\/uploads\/2024\/06\/Carlos-Balseca-200x300.jpg 200w, https:\/\/ccbabogados.com\/wp-content\/uploads\/2024\/06\/Carlos-Balseca-400x600.jpg 400w, https:\/\/ccbabogados.com\/wp-content\/uploads\/2024\/06\/Carlos-Balseca-600x900.jpg 600w, https:\/\/ccbabogados.com\/wp-content\/uploads\/2024\/06\/Carlos-Balseca-800x1200.jpg 800w, https:\/\/ccbabogados.com\/wp-content\/uploads\/2024\/06\/Carlos-Balseca.jpg 1000w\" sizes=\"(max-width: 1215px) 100vw, (max-width: 1919px) 800px,(min-width: 1920px) 50vw\" \/><\/span><div class=\"fusion-sep-clear\"><\/div><div class=\"fusion-separator fusion-full-width-sep sep-none\" style=\"margin-top:20px;\"><\/div><div class=\"fusion-sep-clear\"><\/div><div class=\"fusion-separator sep-single sep-solid\" style=\"border-color:#d51317;border-top-width:1px;margin-left: auto;margin-right: auto;margin-top:0px;margin-bottom:20px;width:100%;max-width:179px;\"><\/div><div class=\"fusion-sep-clear\"><\/div><div class=\"fusion-separator fusion-full-width-sep sep-none\" style=\"margin-top:20px;\"><\/div><div class=\"fusion-button-wrapper fusion-aligncenter\"><style type=\"text\/css\">.fusion-button.button-1 {border-radius:2px;}<\/style><a class=\"fusion-button button-flat fusion-button-default-size button-default button-1 fusion-button-default-span fusion-button-default-type next-button\" target=\"_self\" href=\"mailto:contaco@ccbabogados.com\"><i class=\"fa-chevron-down fas button-icon-left\"><\/i><span class=\"fusion-button-text\">CONTACT<\/span><\/a><\/div><div class=\"fusion-clearfix\"><\/div><\/div><\/div><\/div><\/div><\/div><style type=\"text\/css\">.fusion-fullwidth.fusion-builder-row-1 a:not(.fusion-button):not(.fusion-builder-module-control):not(.fusion-social-network-icon):not(.fb-icon-element):not(.fusion-countdown-link):not(.fusion-rollover-link):not(.fusion-rollover-gallery):not(.add_to_cart_button):not(.show_details_button):not(.product_type_external):not(.fusion-quick-view):not(.fusion-rollover-title-link) , .fusion-fullwidth.fusion-builder-row-1 a:not(.fusion-button):not(.fusion-builder-module-control):not(.fusion-social-network-icon):not(.fb-icon-element):not(.fusion-countdown-link):not(.fusion-rollover-link):not(.fusion-rollover-gallery):not(.add_to_cart_button):not(.show_details_button):not(.product_type_external):not(.fusion-quick-view):not(.fusion-rollover-title-link):before, .fusion-fullwidth.fusion-builder-row-1 a:not(.fusion-button):not(.fusion-builder-module-control):not(.fusion-social-network-icon):not(.fb-icon-element):not(.fusion-countdown-link):not(.fusion-rollover-link):not(.fusion-rollover-gallery):not(.add_to_cart_button):not(.show_details_button):not(.product_type_external):not(.fusion-quick-view):not(.fusion-rollover-title-link):after {color: #8f140b;}.fusion-fullwidth.fusion-builder-row-1 a:not(.fusion-button):not(.fusion-builder-module-control):not(.fusion-social-network-icon):not(.fb-icon-element):not(.fusion-countdown-link):not(.fusion-rollover-link):not(.fusion-rollover-gallery):not(.add_to_cart_button):not(.show_details_button):not(.product_type_external):not(.fusion-quick-view):not(.fusion-rollover-title-link):hover, .fusion-fullwidth.fusion-builder-row-1 a:not(.fusion-button):not(.fusion-builder-module-control):not(.fusion-social-network-icon):not(.fb-icon-element):not(.fusion-countdown-link):not(.fusion-rollover-link):not(.fusion-rollover-gallery):not(.add_to_cart_button):not(.show_details_button):not(.product_type_external):not(.fusion-quick-view):not(.fusion-rollover-title-link):hover:before, .fusion-fullwidth.fusion-builder-row-1 a:not(.fusion-button):not(.fusion-builder-module-control):not(.fusion-social-network-icon):not(.fb-icon-element):not(.fusion-countdown-link):not(.fusion-rollover-link):not(.fusion-rollover-gallery):not(.add_to_cart_button):not(.show_details_button):not(.product_type_external):not(.fusion-quick-view):not(.fusion-rollover-title-link):hover:after {color: #8f140b;}.fusion-fullwidth.fusion-builder-row-1 .pagination a.inactive:hover, .fusion-fullwidth.fusion-builder-row-1 .fusion-filters .fusion-filter.fusion-active a {border-color: #8f140b;}.fusion-fullwidth.fusion-builder-row-1 .pagination .current {border-color: #8f140b; background-color: #8f140b;}.fusion-fullwidth.fusion-builder-row-1 .fusion-filters .fusion-filter.fusion-active a, .fusion-fullwidth.fusion-builder-row-1 .fusion-date-and-formats .fusion-format-box, .fusion-fullwidth.fusion-builder-row-1 .fusion-popover, .fusion-fullwidth.fusion-builder-row-1 .tooltip-shortcode {color: #8f140b;}#main .fusion-fullwidth.fusion-builder-row-1 .post .blog-shortcode-post-title a:hover {color: #8f140b;}<\/style><div class=\"fusion-fullwidth fullwidth-box fusion-builder-row-2 nonhundred-percent-fullwidth non-hundred-percent-height-scrolling\"  style='background-color: rgba(255,255,255,0);background-position: center center;background-repeat: no-repeat;padding-top:0px;padding-right:30px;padding-bottom:0px;padding-left:30px;'><div class=\"fusion-builder-row fusion-row\"><div  class=\"fusion-layout-column fusion_builder_column fusion_builder_column_1_1 fusion-builder-column-2 fusion-one-full fusion-column-first fusion-column-last 1_1\"  style='margin-top:0px;margin-bottom:20px;'><div class=\"fusion-column-wrapper\" style=\"background-color:#1c212a;padding: 0px 0px 0px 0px;background-position:left top;background-repeat:no-repeat;-webkit-background-size:cover;-moz-background-size:cover;-o-background-size:cover;background-size:cover;\"   data-bg-url=\"\"><div class=\"fusion-tabs fusion-tabs-1 classic vertical-tabs icon-position-left\"><style type=\"text\/css\">.fusion-tabs.fusion-tabs-1 .nav-tabs li a.tab-link{border-top-color:rgba(26,30,37,0.49);background-color:rgba(26,30,37,0.49);}.fusion-tabs.fusion-tabs-1 .nav-tabs{background-color:#1a1e25;}.fusion-tabs.fusion-tabs-1 .nav-tabs li.active a.tab-link,.fusion-tabs.fusion-tabs-1 .nav-tabs li.active a.tab-link:hover,.fusion-tabs.fusion-tabs-1 .nav-tabs li.active a.tab-link:focus{border-right-color:#1a1e25;}.fusion-tabs.fusion-tabs-1 .nav-tabs li.active a.tab-link,.fusion-tabs.fusion-tabs-1 .nav-tabs li.active a.tab-link:hover,.fusion-tabs.fusion-tabs-1 .nav-tabs li.active a.tab-link:focus{background-color:#1a1e25;}.fusion-tabs.fusion-tabs-1 .nav-tabs li a:hover{background-color:#1a1e25;border-top-color:#1a1e25;}.fusion-tabs.fusion-tabs-1 .tab-pane{background-color:#1a1e25;}.fusion-tabs.fusion-tabs-1 .nav,.fusion-tabs.fusion-tabs-1 .nav-tabs,.fusion-tabs.fusion-tabs-1 .tab-content .tab-pane{border-color:rgba(235,234,234,0);}<\/style><div class=\"nav\"><ul class=\"nav-tabs\"><li class=\"active\"><a class=\"tab-link\" data-toggle=\"tab\" id=\"fusion-tab-\u00c1reasdeespecialidad\" href=\"#tab-a60045c7b49231d3ba4\"><h4 class=\"fusion-tab-heading\">Areas of Expertise<\/h4><\/a><\/li><li><a class=\"tab-link\" data-toggle=\"tab\" id=\"fusion-tab-estudios\" href=\"#tab-f2fea651dfc0c3df0c1\"><h4 class=\"fusion-tab-heading\">Education<\/h4><\/a><\/li><li><a class=\"tab-link\" data-toggle=\"tab\" id=\"fusion-tab-trayectoriaprofesionalrelevante\" href=\"#tab-85daea5172309026b9c\"><h4 class=\"fusion-tab-heading\">Relevant Professional Experience<\/h4><\/a><\/li><li><a class=\"tab-link\" data-toggle=\"tab\" id=\"fusion-tab-membres\u00edasyreconocimientos\" href=\"#tab-6af5443bb155e589f5f\"><h4 class=\"fusion-tab-heading\">Affiliations and Recognitions<\/h4><\/a><\/li><\/ul><\/div><div class=\"tab-content\"><div class=\"nav fusion-mobile-tab-nav\"><ul class=\"nav-tabs\"><li class=\"active\"><a class=\"tab-link\" data-toggle=\"tab\" id=\"mobile-fusion-tab-\u00c1reasdeespecialidad\" href=\"#tab-a60045c7b49231d3ba4\"><h4 class=\"fusion-tab-heading\">Areas of Expertise<\/h4><\/a><\/li><\/ul><\/div><div class=\"tab-pane fade fusion-clearfix in active\" id=\"tab-a60045c7b49231d3ba4\">\n<div class=\"fusion-text\">\n<p><span style=\"font-weight: 400;\">Tax law<\/span><\/p>\n<p><span style=\"font-weight: 400;\">Corporate law<\/span><\/p>\n<p><span style=\"font-weight: 400;\">Administrative law<\/span><\/p>\n<\/div>\n<\/div><div class=\"nav fusion-mobile-tab-nav\"><ul class=\"nav-tabs\"><li><a class=\"tab-link\" data-toggle=\"tab\" id=\"mobile-fusion-tab-estudios\" href=\"#tab-f2fea651dfc0c3df0c1\"><h4 class=\"fusion-tab-heading\">Education<\/h4><\/a><\/li><\/ul><\/div><div class=\"tab-pane fade fusion-clearfix\" id=\"tab-f2fea651dfc0c3df0c1\">\n<p><span style=\"font-weight: 400;\">Graduated as a lawyer from the Pontificia Universidad Cat\u00f3lica del Ecuador (Ecuador)<\/span><\/p>\n<p><span style=\"font-weight: 400;\">Senior Specialization in Tax \u2013 Universidad Andina Sim\u00f3n Bol\u00edvar (Ecuador)<\/span><\/p>\n<p><span style=\"font-weight: 400;\">Senior Specialist in Administrative Law \u2013 Universidad Andina Sim\u00f3n Bol\u00edvar (Ecuador)\u00a0<\/span><\/p>\n<p><span style=\"font-weight: 400;\">Master of Administrative Law \u2013 Universidad Andina Sim\u00f3n Bol\u00edvar (Ecuador)<\/span><\/p>\n<p><span style=\"font-weight: 400;\">Master of International Tax Planning and Foreign Trade (candidate) \u2013 Universidad Externado de Colombia (Colombia)<\/span><\/p>\n<p>Especializaci\u00f3n en r\u00e9gimen jur\u00eddico de la empresa familiar. Universidad Complutense de Madrid.<\/p>\n<\/div><div class=\"nav fusion-mobile-tab-nav\"><ul class=\"nav-tabs\"><li><a class=\"tab-link\" data-toggle=\"tab\" id=\"mobile-fusion-tab-trayectoriaprofesionalrelevante\" href=\"#tab-85daea5172309026b9c\"><h4 class=\"fusion-tab-heading\">Relevant Professional Experience<\/h4><\/a><\/li><\/ul><\/div><div class=\"tab-pane fade fusion-clearfix\" id=\"tab-85daea5172309026b9c\">\n<div class=\"fusion-text\">\n<p><span style=\"font-weight: 400;\">Partner \u2013 CCB ABOGADOS\u00a0<\/span><\/p>\n<p><span style=\"font-weight: 400;\">In-house lawyer \u2013 Huawei Technologies Co., Ltd.<\/span><\/p>\n<p><span style=\"font-weight: 400;\">SRI (Internal Revenue Service) Officer<\/span><\/p>\n<p><span style=\"font-weight: 400;\">Professor of Corporate Law \u2013 Universidad Internacional del Ecuador (Ecuador)\u00a0<\/span><\/p>\n<\/div>\n<\/div><div class=\"nav fusion-mobile-tab-nav\"><ul class=\"nav-tabs\"><li><a class=\"tab-link\" data-toggle=\"tab\" id=\"mobile-fusion-tab-membres\u00edasyreconocimientos\" href=\"#tab-6af5443bb155e589f5f\"><h4 class=\"fusion-tab-heading\">Affiliations and Recognitions<\/h4><\/a><\/li><\/ul><\/div><div class=\"tab-pane fade fusion-clearfix\" id=\"tab-6af5443bb155e589f5f\">\n<div class=\"fusion-text\">\n<p><span style=\"font-weight: 400;\">Forum of Lawyers<\/span><\/p>\n<p><span style=\"font-weight: 400;\">Pichincha College of Lawyers<\/span><\/p>\n<p><span style=\"font-weight: 400;\">Member of the Ecuadorian Institute of Tax Law (IEDT)<\/span><\/p>\n<p><span style=\"font-weight: 400;\">Member of the International Fiscal Association (IFA)<\/span><\/p>\n<p><span style=\"font-weight: 400;\">Legal 500\u00a0<\/span><\/p>\n<p><span style=\"font-weight: 400;\">Leaders League\u00a0<\/span><\/p>\n<p><span style=\"font-weight: 400;\">International Advisory Experts<\/span><\/p>\n<\/div>\n<\/div><\/div><\/div><div class=\"fusion-clearfix\"><\/div><\/div><\/div><\/div><\/div><style type=\"text\/css\">.fusion-fullwidth.fusion-builder-row-2 a:not(.fusion-button):not(.fusion-builder-module-control):not(.fusion-social-network-icon):not(.fb-icon-element):not(.fusion-countdown-link):not(.fusion-rollover-link):not(.fusion-rollover-gallery):not(.add_to_cart_button):not(.show_details_button):not(.product_type_external):not(.fusion-quick-view):not(.fusion-rollover-title-link) , .fusion-fullwidth.fusion-builder-row-2 a:not(.fusion-button):not(.fusion-builder-module-control):not(.fusion-social-network-icon):not(.fb-icon-element):not(.fusion-countdown-link):not(.fusion-rollover-link):not(.fusion-rollover-gallery):not(.add_to_cart_button):not(.show_details_button):not(.product_type_external):not(.fusion-quick-view):not(.fusion-rollover-title-link):before, .fusion-fullwidth.fusion-builder-row-2 a:not(.fusion-button):not(.fusion-builder-module-control):not(.fusion-social-network-icon):not(.fb-icon-element):not(.fusion-countdown-link):not(.fusion-rollover-link):not(.fusion-rollover-gallery):not(.add_to_cart_button):not(.show_details_button):not(.product_type_external):not(.fusion-quick-view):not(.fusion-rollover-title-link):after {color: #8f140b;}.fusion-fullwidth.fusion-builder-row-2 a:not(.fusion-button):not(.fusion-builder-module-control):not(.fusion-social-network-icon):not(.fb-icon-element):not(.fusion-countdown-link):not(.fusion-rollover-link):not(.fusion-rollover-gallery):not(.add_to_cart_button):not(.show_details_button):not(.product_type_external):not(.fusion-quick-view):not(.fusion-rollover-title-link):hover, .fusion-fullwidth.fusion-builder-row-2 a:not(.fusion-button):not(.fusion-builder-module-control):not(.fusion-social-network-icon):not(.fb-icon-element):not(.fusion-countdown-link):not(.fusion-rollover-link):not(.fusion-rollover-gallery):not(.add_to_cart_button):not(.show_details_button):not(.product_type_external):not(.fusion-quick-view):not(.fusion-rollover-title-link):hover:before, .fusion-fullwidth.fusion-builder-row-2 a:not(.fusion-button):not(.fusion-builder-module-control):not(.fusion-social-network-icon):not(.fb-icon-element):not(.fusion-countdown-link):not(.fusion-rollover-link):not(.fusion-rollover-gallery):not(.add_to_cart_button):not(.show_details_button):not(.product_type_external):not(.fusion-quick-view):not(.fusion-rollover-title-link):hover:after {color: #8f140b;}.fusion-fullwidth.fusion-builder-row-2 .pagination a.inactive:hover, .fusion-fullwidth.fusion-builder-row-2 .fusion-filters .fusion-filter.fusion-active a {border-color: #8f140b;}.fusion-fullwidth.fusion-builder-row-2 .pagination .current {border-color: #8f140b; background-color: #8f140b;}.fusion-fullwidth.fusion-builder-row-2 .fusion-filters .fusion-filter.fusion-active a, .fusion-fullwidth.fusion-builder-row-2 .fusion-date-and-formats .fusion-format-box, .fusion-fullwidth.fusion-builder-row-2 .fusion-popover, .fusion-fullwidth.fusion-builder-row-2 .tooltip-shortcode {color: #8f140b;}#main .fusion-fullwidth.fusion-builder-row-2 .post .blog-shortcode-post-title a:hover {color: #8f140b;}<\/style><\/p>","protected":false},"excerpt":{"rendered":"","protected":false},"author":1,"featured_media":0,"parent":0,"menu_order":0,"comment_status":"closed","ping_status":"open","template":"100-width.php","meta":{"footnotes":""},"class_list":["post-359","page","type-page","status-publish","hentry"],"yoast_head":"<!-- This site is optimized with the Yoast SEO Premium plugin v25.5 (Yoast SEO v26.9) - https:\/\/yoast.com\/product\/yoast-seo-premium-wordpress\/ -->\n<title>Carlos Julio Balseca - CCB Abogados<\/title>\n<meta name=\"robots\" content=\"index, follow, max-snippet:-1, max-image-preview:large, max-video-preview:-1\" \/>\n<link rel=\"canonical\" href=\"https:\/\/ccbabogados.com\/en\/carlos-julio-balseca\/\" \/>\n<meta property=\"og:locale\" content=\"en_US\" \/>\n<meta property=\"og:type\" content=\"article\" \/>\n<meta property=\"og:title\" content=\"Carlos Julio Balseca\" \/>\n<meta property=\"og:url\" content=\"https:\/\/ccbabogados.com\/en\/carlos-julio-balseca\/\" \/>\n<meta property=\"og:site_name\" content=\"CCB Abogados\" \/>\n<meta property=\"article:modified_time\" content=\"2026-03-11T18:40:56+00:00\" \/>\n<meta name=\"twitter:card\" content=\"summary_large_image\" \/>\n<meta name=\"twitter:label1\" content=\"Est. reading time\" \/>\n\t<meta name=\"twitter:data1\" content=\"4 minutes\" \/>\n<script type=\"application\/ld+json\" class=\"yoast-schema-graph\">{\"@context\":\"https:\/\/schema.org\",\"@graph\":[{\"@type\":\"WebPage\",\"@id\":\"https:\/\/ccbabogados.com\/carlos-julio-balseca\/\",\"url\":\"https:\/\/ccbabogados.com\/carlos-julio-balseca\/\",\"name\":\"Carlos Julio Balseca - CCB Abogados\",\"isPartOf\":{\"@id\":\"https:\/\/ccbabogados.com\/#website\"},\"datePublished\":\"2020-03-23T14:48:43+00:00\",\"dateModified\":\"2026-03-11T18:40:56+00:00\",\"breadcrumb\":{\"@id\":\"https:\/\/ccbabogados.com\/carlos-julio-balseca\/#breadcrumb\"},\"inLanguage\":\"en-US\",\"potentialAction\":[{\"@type\":\"ReadAction\",\"target\":[\"https:\/\/ccbabogados.com\/carlos-julio-balseca\/\"]}]},{\"@type\":\"BreadcrumbList\",\"@id\":\"https:\/\/ccbabogados.com\/carlos-julio-balseca\/#breadcrumb\",\"itemListElement\":[{\"@type\":\"ListItem\",\"position\":1,\"name\":\"Portada\",\"item\":\"https:\/\/ccbabogados.com\/\"},{\"@type\":\"ListItem\",\"position\":2,\"name\":\"Carlos Julio Balseca\"}]},{\"@type\":\"WebSite\",\"@id\":\"https:\/\/ccbabogados.com\/#website\",\"url\":\"https:\/\/ccbabogados.com\/\",\"name\":\"CCB ABOGADOS\",\"description\":\"CCB Abogados\",\"publisher\":{\"@id\":\"https:\/\/ccbabogados.com\/#organization\"},\"potentialAction\":[{\"@type\":\"SearchAction\",\"target\":{\"@type\":\"EntryPoint\",\"urlTemplate\":\"https:\/\/ccbabogados.com\/?s={search_term_string}\"},\"query-input\":{\"@type\":\"PropertyValueSpecification\",\"valueRequired\":true,\"valueName\":\"search_term_string\"}}],\"inLanguage\":\"en-US\"},{\"@type\":\"Organization\",\"@id\":\"https:\/\/ccbabogados.com\/#organization\",\"name\":\"CCB Abogados\",\"url\":\"https:\/\/ccbabogados.com\/\",\"logo\":{\"@type\":\"ImageObject\",\"inLanguage\":\"en-US\",\"@id\":\"https:\/\/ccbabogados.com\/#\/schema\/logo\/image\/\",\"url\":\"https:\/\/ccbabogados.com\/wp-content\/uploads\/2023\/07\/ccb-logo-new-1.png\",\"contentUrl\":\"https:\/\/ccbabogados.com\/wp-content\/uploads\/2023\/07\/ccb-logo-new-1.png\",\"width\":934,\"height\":917,\"caption\":\"CCB Abogados\"},\"image\":{\"@id\":\"https:\/\/ccbabogados.com\/#\/schema\/logo\/image\/\"}}]}<\/script>\n<!-- \/ Yoast SEO Premium plugin. -->","yoast_head_json":{"title":"Carlos Julio Balseca - CCB Abogados","robots":{"index":"index","follow":"follow","max-snippet":"max-snippet:-1","max-image-preview":"max-image-preview:large","max-video-preview":"max-video-preview:-1"},"canonical":"https:\/\/ccbabogados.com\/en\/carlos-julio-balseca\/","og_locale":"en_US","og_type":"article","og_title":"Carlos Julio Balseca","og_url":"https:\/\/ccbabogados.com\/en\/carlos-julio-balseca\/","og_site_name":"CCB Abogados","article_modified_time":"2026-03-11T18:40:56+00:00","twitter_card":"summary_large_image","twitter_misc":{"Est. reading time":"4 minutes"},"schema":{"@context":"https:\/\/schema.org","@graph":[{"@type":"WebPage","@id":"https:\/\/ccbabogados.com\/carlos-julio-balseca\/","url":"https:\/\/ccbabogados.com\/carlos-julio-balseca\/","name":"Carlos Julio Balseca - CCB Abogados","isPartOf":{"@id":"https:\/\/ccbabogados.com\/#website"},"datePublished":"2020-03-23T14:48:43+00:00","dateModified":"2026-03-11T18:40:56+00:00","breadcrumb":{"@id":"https:\/\/ccbabogados.com\/carlos-julio-balseca\/#breadcrumb"},"inLanguage":"en-US","potentialAction":[{"@type":"ReadAction","target":["https:\/\/ccbabogados.com\/carlos-julio-balseca\/"]}]},{"@type":"BreadcrumbList","@id":"https:\/\/ccbabogados.com\/carlos-julio-balseca\/#breadcrumb","itemListElement":[{"@type":"ListItem","position":1,"name":"Portada","item":"https:\/\/ccbabogados.com\/"},{"@type":"ListItem","position":2,"name":"Carlos Julio Balseca"}]},{"@type":"WebSite","@id":"https:\/\/ccbabogados.com\/#website","url":"https:\/\/ccbabogados.com\/","name":"CCB ABOGADOS","description":"CCB Abogados","publisher":{"@id":"https:\/\/ccbabogados.com\/#organization"},"potentialAction":[{"@type":"SearchAction","target":{"@type":"EntryPoint","urlTemplate":"https:\/\/ccbabogados.com\/?s={search_term_string}"},"query-input":{"@type":"PropertyValueSpecification","valueRequired":true,"valueName":"search_term_string"}}],"inLanguage":"en-US"},{"@type":"Organization","@id":"https:\/\/ccbabogados.com\/#organization","name":"CCB Abogados","url":"https:\/\/ccbabogados.com\/","logo":{"@type":"ImageObject","inLanguage":"en-US","@id":"https:\/\/ccbabogados.com\/#\/schema\/logo\/image\/","url":"https:\/\/ccbabogados.com\/wp-content\/uploads\/2023\/07\/ccb-logo-new-1.png","contentUrl":"https:\/\/ccbabogados.com\/wp-content\/uploads\/2023\/07\/ccb-logo-new-1.png","width":934,"height":917,"caption":"CCB Abogados"},"image":{"@id":"https:\/\/ccbabogados.com\/#\/schema\/logo\/image\/"}}]}},"_links":{"self":[{"href":"https:\/\/ccbabogados.com\/en\/wp-json\/wp\/v2\/pages\/359","targetHints":{"allow":["GET"]}}],"collection":[{"href":"https:\/\/ccbabogados.com\/en\/wp-json\/wp\/v2\/pages"}],"about":[{"href":"https:\/\/ccbabogados.com\/en\/wp-json\/wp\/v2\/types\/page"}],"author":[{"embeddable":true,"href":"https:\/\/ccbabogados.com\/en\/wp-json\/wp\/v2\/users\/1"}],"replies":[{"embeddable":true,"href":"https:\/\/ccbabogados.com\/en\/wp-json\/wp\/v2\/comments?post=359"}],"version-history":[{"count":1,"href":"https:\/\/ccbabogados.com\/en\/wp-json\/wp\/v2\/pages\/359\/revisions"}],"predecessor-version":[{"id":2445,"href":"https:\/\/ccbabogados.com\/en\/wp-json\/wp\/v2\/pages\/359\/revisions\/2445"}],"wp:attachment":[{"href":"https:\/\/ccbabogados.com\/en\/wp-json\/wp\/v2\/media?parent=359"}],"curies":[{"name":"wp","href":"https:\/\/api.w.org\/{rel}","templated":true}]}}