{"id":2459,"date":"2026-03-26T15:34:31","date_gmt":"2026-03-26T15:34:31","guid":{"rendered":"https:\/\/ccbabogados.com\/?page_id=2459"},"modified":"2026-03-26T15:34:31","modified_gmt":"2026-03-26T15:34:31","slug":"paula-micaela-caicedo-ron","status":"publish","type":"page","link":"https:\/\/ccbabogados.com\/en\/paula-micaela-caicedo-ron\/","title":{"rendered":"PAULA MICAELA CAICEDO RON"},"content":{"rendered":"<p><div id=\"experience\"><div class=\"fusion-fullwidth fullwidth-box fusion-builder-row-1 hundred-percent-fullwidth non-hundred-percent-height-scrolling fusion-equal-height-columns\"  style='background-color: #1c212a;background-position: left top;background-repeat: no-repeat;padding-top:0px;padding-bottom:0px;margin-bottom: 0px;margin-top: 0px;border-top-width:0px;border-bottom-width:0px;border-color:#eae9e9;border-top-style:solid;border-bottom-style:solid;'><div class=\"fusion-builder-row fusion-row\"><div  class=\"fusion-layout-column fusion_builder_column fusion_builder_column_1_2 fusion-builder-column-0 fusion-one-half fusion-column-first 1_2\"  style='margin-top:0px;margin-bottom:0px;'><div class=\"fusion-column-wrapper\" style=\"background-color:#1c212a;padding: 115px 10% 172px 10%;background-position:left top;background-repeat:no-repeat;-webkit-background-size:cover;-moz-background-size:cover;-o-background-size:cover;background-size:cover;\"   data-bg-url=\"\"><style type=\"text\/css\"><\/style><div class=\"fusion-title title fusion-title-1 fusion-title-text fusion-title-size-two\" style=\"font-size:50PX;margin-top:0px;margin-bottom:31px;\"><h2 class=\"title-heading-left\" style=\"margin:0;font-size:1em;\"><b>PAULA MICAELA CAICEDO RON<\/b><\/h2><div class=\"title-sep-container\"><div class=\"title-sep sep-\" style=\"border-color:#e0dede;\"><\/div><\/div><\/div><div class=\"fusion-sep-clear\"><\/div><div class=\"fusion-separator sep-single sep-solid\" style=\"border-color:#d51317;border-top-width:1px;margin-top:0px;margin-bottom:20px;width:100%;max-width:167px;\"><\/div><div class=\"fusion-text\"><p><span style=\"font-weight: 400; color: #ffffff;\">Micaela Caicedo se desempe\u00f1a como Asistente Legal en CCB Abogados, donde participa en el acompa\u00f1amiento y gesti\u00f3n de procesos judiciales, principalmente en el \u00e1rea de resoluci\u00f3n de disputas.<\/span><\/p>\n<p><span style=\"font-weight: 400; color: #ffffff;\">Cuenta con experiencia en el seguimiento procesal de litigios civiles, elaboraci\u00f3n de escritos judiciales, demandas y contratos, as\u00ed como en el apoyo a estrategias legales dentro de procesos de mediaci\u00f3n y arbitraje. Su trabajo se enfoca en garantizar una gesti\u00f3n ordenada y eficiente de los procesos, contribuyendo al desarrollo de las estrategias jur\u00eddicas del equipo de litigios.<\/span><\/p>\n<p><span style=\"font-weight: 400; color: #ffffff;\">Adicionalmente, brinda soporte en la preparaci\u00f3n de documentaci\u00f3n legal y en el an\u00e1lisis preliminar de casos, fortaleciendo la atenci\u00f3n a clientes y el manejo oportuno de procesos judiciales.<\/span><\/p>\n<\/div><div class=\"fusion-sep-clear\"><\/div><div class=\"fusion-separator fusion-full-width-sep sep-none\" style=\"margin-top:20px;\"><\/div><div class=\"fusion-clearfix\"><\/div><\/div><\/div><div  class=\"fusion-layout-column fusion_builder_column fusion_builder_column_1_2 fusion-builder-column-1 fusion-one-half fusion-column-last 1_2\"  style='margin-top:0px;margin-bottom:0px;'><div class=\"fusion-column-wrapper\" style=\"background-color:#1c212a;padding: 115px 10% 115px 10%;background-position:left top;background-repeat:no-repeat;-webkit-background-size:cover;-moz-background-size:cover;-o-background-size:cover;background-size:cover;\"   data-bg-url=\"\"><span class=\"fusion-imageframe imageframe-none imageframe-1 hover-type-none\"><img decoding=\"async\" src=\"https:\/\/ccbabogados.com\/wp-content\/uploads\/2026\/03\/2026-20-03-ARTES-CCB-2.webp\" width=\"1000\" height=\"1500\" alt=\"\" title=\"-2026 20-03 ARTES CCB 2\" class=\"img-responsive wp-image-2460\" srcset=\"https:\/\/ccbabogados.com\/wp-content\/uploads\/2026\/03\/2026-20-03-ARTES-CCB-2-8x12.webp 8w, https:\/\/ccbabogados.com\/wp-content\/uploads\/2026\/03\/2026-20-03-ARTES-CCB-2-200x300.webp 200w, https:\/\/ccbabogados.com\/wp-content\/uploads\/2026\/03\/2026-20-03-ARTES-CCB-2-400x600.webp 400w, https:\/\/ccbabogados.com\/wp-content\/uploads\/2026\/03\/2026-20-03-ARTES-CCB-2-600x900.webp 600w, https:\/\/ccbabogados.com\/wp-content\/uploads\/2026\/03\/2026-20-03-ARTES-CCB-2-683x1024.webp 683w, https:\/\/ccbabogados.com\/wp-content\/uploads\/2026\/03\/2026-20-03-ARTES-CCB-2-768x1152.webp 768w, https:\/\/ccbabogados.com\/wp-content\/uploads\/2026\/03\/2026-20-03-ARTES-CCB-2-800x1200.webp 800w, https:\/\/ccbabogados.com\/wp-content\/uploads\/2026\/03\/2026-20-03-ARTES-CCB-2.webp 1000w\" sizes=\"(max-width: 1215px) 100vw, (max-width: 1919px) 800px,(min-width: 1920px) 50vw\" \/><\/span><div class=\"fusion-sep-clear\"><\/div><div class=\"fusion-separator fusion-full-width-sep sep-none\" style=\"margin-top:20px;\"><\/div><div class=\"fusion-sep-clear\"><\/div><div class=\"fusion-separator sep-single sep-solid\" style=\"border-color:#d51317;border-top-width:1px;margin-left: auto;margin-right: auto;margin-top:0px;margin-bottom:20px;width:100%;max-width:179px;\"><\/div><div class=\"fusion-sep-clear\"><\/div><div class=\"fusion-separator fusion-full-width-sep sep-none\" style=\"margin-top:20px;\"><\/div><div class=\"fusion-button-wrapper fusion-aligncenter\"><style type=\"text\/css\">.fusion-button.button-1 {border-radius:2px;}<\/style><a class=\"fusion-button button-flat fusion-button-default-size button-default button-1 fusion-button-default-span fusion-button-default-type next-button\" target=\"_self\" href=\"#skill\"><i class=\"fa-chevron-down fas button-icon-left\"><\/i><span class=\"fusion-button-text\">CONTACT<\/span><\/a><\/div><div class=\"fusion-clearfix\"><\/div><\/div><\/div><\/div><\/div><\/div><style type=\"text\/css\">.fusion-fullwidth.fusion-builder-row-1 a:not(.fusion-button):not(.fusion-builder-module-control):not(.fusion-social-network-icon):not(.fb-icon-element):not(.fusion-countdown-link):not(.fusion-rollover-link):not(.fusion-rollover-gallery):not(.add_to_cart_button):not(.show_details_button):not(.product_type_external):not(.fusion-quick-view):not(.fusion-rollover-title-link) , .fusion-fullwidth.fusion-builder-row-1 a:not(.fusion-button):not(.fusion-builder-module-control):not(.fusion-social-network-icon):not(.fb-icon-element):not(.fusion-countdown-link):not(.fusion-rollover-link):not(.fusion-rollover-gallery):not(.add_to_cart_button):not(.show_details_button):not(.product_type_external):not(.fusion-quick-view):not(.fusion-rollover-title-link):before, .fusion-fullwidth.fusion-builder-row-1 a:not(.fusion-button):not(.fusion-builder-module-control):not(.fusion-social-network-icon):not(.fb-icon-element):not(.fusion-countdown-link):not(.fusion-rollover-link):not(.fusion-rollover-gallery):not(.add_to_cart_button):not(.show_details_button):not(.product_type_external):not(.fusion-quick-view):not(.fusion-rollover-title-link):after {color: #8f140b;}.fusion-fullwidth.fusion-builder-row-1 a:not(.fusion-button):not(.fusion-builder-module-control):not(.fusion-social-network-icon):not(.fb-icon-element):not(.fusion-countdown-link):not(.fusion-rollover-link):not(.fusion-rollover-gallery):not(.add_to_cart_button):not(.show_details_button):not(.product_type_external):not(.fusion-quick-view):not(.fusion-rollover-title-link):hover, .fusion-fullwidth.fusion-builder-row-1 a:not(.fusion-button):not(.fusion-builder-module-control):not(.fusion-social-network-icon):not(.fb-icon-element):not(.fusion-countdown-link):not(.fusion-rollover-link):not(.fusion-rollover-gallery):not(.add_to_cart_button):not(.show_details_button):not(.product_type_external):not(.fusion-quick-view):not(.fusion-rollover-title-link):hover:before, .fusion-fullwidth.fusion-builder-row-1 a:not(.fusion-button):not(.fusion-builder-module-control):not(.fusion-social-network-icon):not(.fb-icon-element):not(.fusion-countdown-link):not(.fusion-rollover-link):not(.fusion-rollover-gallery):not(.add_to_cart_button):not(.show_details_button):not(.product_type_external):not(.fusion-quick-view):not(.fusion-rollover-title-link):hover:after {color: #8f140b;}.fusion-fullwidth.fusion-builder-row-1 .pagination a.inactive:hover, .fusion-fullwidth.fusion-builder-row-1 .fusion-filters .fusion-filter.fusion-active a {border-color: #8f140b;}.fusion-fullwidth.fusion-builder-row-1 .pagination .current {border-color: #8f140b; background-color: #8f140b;}.fusion-fullwidth.fusion-builder-row-1 .fusion-filters .fusion-filter.fusion-active a, .fusion-fullwidth.fusion-builder-row-1 .fusion-date-and-formats .fusion-format-box, .fusion-fullwidth.fusion-builder-row-1 .fusion-popover, .fusion-fullwidth.fusion-builder-row-1 .tooltip-shortcode {color: #8f140b;}#main .fusion-fullwidth.fusion-builder-row-1 .post .blog-shortcode-post-title a:hover {color: #8f140b;}<\/style><div class=\"fusion-fullwidth fullwidth-box fusion-builder-row-2 nonhundred-percent-fullwidth non-hundred-percent-height-scrolling\"  style='background-color: rgba(255,255,255,0);background-position: center center;background-repeat: no-repeat;padding-top:0px;padding-right:30px;padding-bottom:0px;padding-left:30px;'><div class=\"fusion-builder-row fusion-row\"><div  class=\"fusion-layout-column fusion_builder_column fusion_builder_column_1_1 fusion-builder-column-2 fusion-one-full fusion-column-first fusion-column-last 1_1\"  style='margin-top:0px;margin-bottom:20px;'><div class=\"fusion-column-wrapper\" style=\"background-color:#1c212a;padding: 0px 0px 0px 0px;background-position:left top;background-repeat:no-repeat;-webkit-background-size:cover;-moz-background-size:cover;-o-background-size:cover;background-size:cover;\"   data-bg-url=\"\"><div class=\"fusion-tabs fusion-tabs-1 classic vertical-tabs icon-position-left\"><style type=\"text\/css\">.fusion-tabs.fusion-tabs-1 .nav-tabs li a.tab-link{border-top-color:rgba(26,30,37,0.49);background-color:rgba(26,30,37,0.49);}.fusion-tabs.fusion-tabs-1 .nav-tabs{background-color:#1a1e25;}.fusion-tabs.fusion-tabs-1 .nav-tabs li.active a.tab-link,.fusion-tabs.fusion-tabs-1 .nav-tabs li.active a.tab-link:hover,.fusion-tabs.fusion-tabs-1 .nav-tabs li.active a.tab-link:focus{border-right-color:#1a1e25;}.fusion-tabs.fusion-tabs-1 .nav-tabs li.active a.tab-link,.fusion-tabs.fusion-tabs-1 .nav-tabs li.active a.tab-link:hover,.fusion-tabs.fusion-tabs-1 .nav-tabs li.active a.tab-link:focus{background-color:#1a1e25;}.fusion-tabs.fusion-tabs-1 .nav-tabs li a:hover{background-color:#1a1e25;border-top-color:#1a1e25;}.fusion-tabs.fusion-tabs-1 .tab-pane{background-color:#1a1e25;}.fusion-tabs.fusion-tabs-1 .nav,.fusion-tabs.fusion-tabs-1 .nav-tabs,.fusion-tabs.fusion-tabs-1 .tab-content .tab-pane{border-color:rgba(235,234,234,0);}<\/style><div class=\"nav\"><ul class=\"nav-tabs\"><li class=\"active\"><a class=\"tab-link\" data-toggle=\"tab\" id=\"fusion-tab-\u00c1reasdeespecialidad\" href=\"#tab-e5cee82f737e3f2e6b9\"><h4 class=\"fusion-tab-heading\">Areas of Expertise<\/h4><\/a><\/li><li><a class=\"tab-link\" data-toggle=\"tab\" id=\"fusion-tab-estudios\" href=\"#tab-14f05ef7d752e76befd\"><h4 class=\"fusion-tab-heading\">Education<\/h4><\/a><\/li><li><a class=\"tab-link\" data-toggle=\"tab\" id=\"fusion-tab-trayectoriaprofesionalrelevante\" href=\"#tab-edbfaf5a65e61bbcd6b\"><h4 class=\"fusion-tab-heading\">Relevant Professional Experience<\/h4><\/a><\/li><\/ul><\/div><div class=\"tab-content\"><div class=\"nav fusion-mobile-tab-nav\"><ul class=\"nav-tabs\"><li class=\"active\"><a class=\"tab-link\" data-toggle=\"tab\" id=\"mobile-fusion-tab-\u00c1reasdeespecialidad\" href=\"#tab-e5cee82f737e3f2e6b9\"><h4 class=\"fusion-tab-heading\">Areas of Expertise<\/h4><\/a><\/li><\/ul><\/div><div class=\"tab-pane fade fusion-clearfix in active\" id=\"tab-e5cee82f737e3f2e6b9\">\n<div class=\"fusion-text\">\n<p><span style=\"font-weight: 400;\">Civil Law<\/span><\/p>\n<p><span style=\"font-weight: 400;\">Dispute resolution<\/span><\/p>\n<p><span style=\"font-weight: 400;\">Apoyo en Mediaci\u00f3n y Arbitraje<\/span><\/p>\n<\/div>\n<\/div><div class=\"nav fusion-mobile-tab-nav\"><ul class=\"nav-tabs\"><li><a class=\"tab-link\" data-toggle=\"tab\" id=\"mobile-fusion-tab-estudios\" href=\"#tab-14f05ef7d752e76befd\"><h4 class=\"fusion-tab-heading\">Education<\/h4><\/a><\/li><\/ul><\/div><div class=\"tab-pane fade fusion-clearfix\" id=\"tab-14f05ef7d752e76befd\">\n<p class=\"s5\"><span style=\"font-weight: 400;\">Abogada \u2013 Universidad de las Am\u00e9ricas (Ecuador)<\/span><\/p>\n<\/div><div class=\"nav fusion-mobile-tab-nav\"><ul class=\"nav-tabs\"><li><a class=\"tab-link\" data-toggle=\"tab\" id=\"mobile-fusion-tab-trayectoriaprofesionalrelevante\" href=\"#tab-edbfaf5a65e61bbcd6b\"><h4 class=\"fusion-tab-heading\">Relevant Professional Experience<\/h4><\/a><\/li><\/ul><\/div><div class=\"tab-pane fade fusion-clearfix\" id=\"tab-edbfaf5a65e61bbcd6b\">\n<div class=\"fusion-text\">\n<p><span style=\"font-weight: 400;\">Asistente Legal, CCBABOGADOS<\/span><\/p>\n<p><span style=\"font-weight: 400;\">Pasante Legal, Centro de Asesor\u00eda Legal UDLA<\/span><\/p>\n<p><span style=\"font-weight: 400;\">Asistente y Pasante Legal, Herrera S\u00e1nchez Abogados S.A.<\/span><\/p>\n<\/div>\n<\/div><\/div><\/div><div class=\"fusion-clearfix\"><\/div><\/div><\/div><\/div><\/div><style type=\"text\/css\">.fusion-fullwidth.fusion-builder-row-2 a:not(.fusion-button):not(.fusion-builder-module-control):not(.fusion-social-network-icon):not(.fb-icon-element):not(.fusion-countdown-link):not(.fusion-rollover-link):not(.fusion-rollover-gallery):not(.add_to_cart_button):not(.show_details_button):not(.product_type_external):not(.fusion-quick-view):not(.fusion-rollover-title-link) , .fusion-fullwidth.fusion-builder-row-2 a:not(.fusion-button):not(.fusion-builder-module-control):not(.fusion-social-network-icon):not(.fb-icon-element):not(.fusion-countdown-link):not(.fusion-rollover-link):not(.fusion-rollover-gallery):not(.add_to_cart_button):not(.show_details_button):not(.product_type_external):not(.fusion-quick-view):not(.fusion-rollover-title-link):before, .fusion-fullwidth.fusion-builder-row-2 a:not(.fusion-button):not(.fusion-builder-module-control):not(.fusion-social-network-icon):not(.fb-icon-element):not(.fusion-countdown-link):not(.fusion-rollover-link):not(.fusion-rollover-gallery):not(.add_to_cart_button):not(.show_details_button):not(.product_type_external):not(.fusion-quick-view):not(.fusion-rollover-title-link):after {color: #8f140b;}.fusion-fullwidth.fusion-builder-row-2 a:not(.fusion-button):not(.fusion-builder-module-control):not(.fusion-social-network-icon):not(.fb-icon-element):not(.fusion-countdown-link):not(.fusion-rollover-link):not(.fusion-rollover-gallery):not(.add_to_cart_button):not(.show_details_button):not(.product_type_external):not(.fusion-quick-view):not(.fusion-rollover-title-link):hover, .fusion-fullwidth.fusion-builder-row-2 a:not(.fusion-button):not(.fusion-builder-module-control):not(.fusion-social-network-icon):not(.fb-icon-element):not(.fusion-countdown-link):not(.fusion-rollover-link):not(.fusion-rollover-gallery):not(.add_to_cart_button):not(.show_details_button):not(.product_type_external):not(.fusion-quick-view):not(.fusion-rollover-title-link):hover:before, .fusion-fullwidth.fusion-builder-row-2 a:not(.fusion-button):not(.fusion-builder-module-control):not(.fusion-social-network-icon):not(.fb-icon-element):not(.fusion-countdown-link):not(.fusion-rollover-link):not(.fusion-rollover-gallery):not(.add_to_cart_button):not(.show_details_button):not(.product_type_external):not(.fusion-quick-view):not(.fusion-rollover-title-link):hover:after {color: #8f140b;}.fusion-fullwidth.fusion-builder-row-2 .pagination a.inactive:hover, .fusion-fullwidth.fusion-builder-row-2 .fusion-filters .fusion-filter.fusion-active a {border-color: #8f140b;}.fusion-fullwidth.fusion-builder-row-2 .pagination .current {border-color: #8f140b; background-color: #8f140b;}.fusion-fullwidth.fusion-builder-row-2 .fusion-filters .fusion-filter.fusion-active a, .fusion-fullwidth.fusion-builder-row-2 .fusion-date-and-formats .fusion-format-box, .fusion-fullwidth.fusion-builder-row-2 .fusion-popover, .fusion-fullwidth.fusion-builder-row-2 .tooltip-shortcode {color: #8f140b;}#main .fusion-fullwidth.fusion-builder-row-2 .post .blog-shortcode-post-title a:hover {color: #8f140b;}<\/style><\/p>","protected":false},"excerpt":{"rendered":"","protected":false},"author":1,"featured_media":0,"parent":0,"menu_order":0,"comment_status":"closed","ping_status":"open","template":"100-width.php","meta":{"footnotes":""},"class_list":["post-2459","page","type-page","status-publish","hentry"],"yoast_head":"<!-- This site is optimized with the Yoast SEO Premium plugin v25.5 (Yoast SEO v26.9) - https:\/\/yoast.com\/product\/yoast-seo-premium-wordpress\/ -->\n<title>PAULA MICAELA CAICEDO RON - CCB Abogados<\/title>\n<meta name=\"robots\" content=\"index, follow, max-snippet:-1, max-image-preview:large, max-video-preview:-1\" \/>\n<link rel=\"canonical\" href=\"https:\/\/ccbabogados.com\/en\/paula-micaela-caicedo-ron\/\" \/>\n<meta property=\"og:locale\" content=\"en_US\" \/>\n<meta property=\"og:type\" content=\"article\" \/>\n<meta property=\"og:title\" content=\"PAULA MICAELA CAICEDO RON\" \/>\n<meta property=\"og:url\" content=\"https:\/\/ccbabogados.com\/en\/paula-micaela-caicedo-ron\/\" \/>\n<meta property=\"og:site_name\" content=\"CCB Abogados\" \/>\n<meta name=\"twitter:card\" content=\"summary_large_image\" \/>\n<meta name=\"twitter:label1\" content=\"Est. reading time\" \/>\n\t<meta name=\"twitter:data1\" content=\"3 minutes\" \/>\n<script type=\"application\/ld+json\" class=\"yoast-schema-graph\">{\"@context\":\"https:\/\/schema.org\",\"@graph\":[{\"@type\":\"WebPage\",\"@id\":\"https:\/\/ccbabogados.com\/paula-micaela-caicedo-ron\/\",\"url\":\"https:\/\/ccbabogados.com\/paula-micaela-caicedo-ron\/\",\"name\":\"PAULA MICAELA CAICEDO RON - CCB Abogados\",\"isPartOf\":{\"@id\":\"https:\/\/ccbabogados.com\/#website\"},\"datePublished\":\"2026-03-26T15:34:31+00:00\",\"breadcrumb\":{\"@id\":\"https:\/\/ccbabogados.com\/paula-micaela-caicedo-ron\/#breadcrumb\"},\"inLanguage\":\"en-US\",\"potentialAction\":[{\"@type\":\"ReadAction\",\"target\":[\"https:\/\/ccbabogados.com\/paula-micaela-caicedo-ron\/\"]}]},{\"@type\":\"BreadcrumbList\",\"@id\":\"https:\/\/ccbabogados.com\/paula-micaela-caicedo-ron\/#breadcrumb\",\"itemListElement\":[{\"@type\":\"ListItem\",\"position\":1,\"name\":\"Portada\",\"item\":\"https:\/\/ccbabogados.com\/\"},{\"@type\":\"ListItem\",\"position\":2,\"name\":\"PAULA MICAELA CAICEDO RON\"}]},{\"@type\":\"WebSite\",\"@id\":\"https:\/\/ccbabogados.com\/#website\",\"url\":\"https:\/\/ccbabogados.com\/\",\"name\":\"CCB ABOGADOS\",\"description\":\"CCB Abogados\",\"publisher\":{\"@id\":\"https:\/\/ccbabogados.com\/#organization\"},\"potentialAction\":[{\"@type\":\"SearchAction\",\"target\":{\"@type\":\"EntryPoint\",\"urlTemplate\":\"https:\/\/ccbabogados.com\/?s={search_term_string}\"},\"query-input\":{\"@type\":\"PropertyValueSpecification\",\"valueRequired\":true,\"valueName\":\"search_term_string\"}}],\"inLanguage\":\"en-US\"},{\"@type\":\"Organization\",\"@id\":\"https:\/\/ccbabogados.com\/#organization\",\"name\":\"CCB Abogados\",\"url\":\"https:\/\/ccbabogados.com\/\",\"logo\":{\"@type\":\"ImageObject\",\"inLanguage\":\"en-US\",\"@id\":\"https:\/\/ccbabogados.com\/#\/schema\/logo\/image\/\",\"url\":\"https:\/\/ccbabogados.com\/wp-content\/uploads\/2023\/07\/ccb-logo-new-1.png\",\"contentUrl\":\"https:\/\/ccbabogados.com\/wp-content\/uploads\/2023\/07\/ccb-logo-new-1.png\",\"width\":934,\"height\":917,\"caption\":\"CCB Abogados\"},\"image\":{\"@id\":\"https:\/\/ccbabogados.com\/#\/schema\/logo\/image\/\"}}]}<\/script>\n<!-- \/ Yoast SEO Premium plugin. -->","yoast_head_json":{"title":"PAULA MICAELA CAICEDO RON - CCB Abogados","robots":{"index":"index","follow":"follow","max-snippet":"max-snippet:-1","max-image-preview":"max-image-preview:large","max-video-preview":"max-video-preview:-1"},"canonical":"https:\/\/ccbabogados.com\/en\/paula-micaela-caicedo-ron\/","og_locale":"en_US","og_type":"article","og_title":"PAULA MICAELA CAICEDO RON","og_url":"https:\/\/ccbabogados.com\/en\/paula-micaela-caicedo-ron\/","og_site_name":"CCB Abogados","twitter_card":"summary_large_image","twitter_misc":{"Est. reading time":"3 minutes"},"schema":{"@context":"https:\/\/schema.org","@graph":[{"@type":"WebPage","@id":"https:\/\/ccbabogados.com\/paula-micaela-caicedo-ron\/","url":"https:\/\/ccbabogados.com\/paula-micaela-caicedo-ron\/","name":"PAULA MICAELA CAICEDO RON - CCB Abogados","isPartOf":{"@id":"https:\/\/ccbabogados.com\/#website"},"datePublished":"2026-03-26T15:34:31+00:00","breadcrumb":{"@id":"https:\/\/ccbabogados.com\/paula-micaela-caicedo-ron\/#breadcrumb"},"inLanguage":"en-US","potentialAction":[{"@type":"ReadAction","target":["https:\/\/ccbabogados.com\/paula-micaela-caicedo-ron\/"]}]},{"@type":"BreadcrumbList","@id":"https:\/\/ccbabogados.com\/paula-micaela-caicedo-ron\/#breadcrumb","itemListElement":[{"@type":"ListItem","position":1,"name":"Portada","item":"https:\/\/ccbabogados.com\/"},{"@type":"ListItem","position":2,"name":"PAULA MICAELA CAICEDO RON"}]},{"@type":"WebSite","@id":"https:\/\/ccbabogados.com\/#website","url":"https:\/\/ccbabogados.com\/","name":"CCB ABOGADOS","description":"CCB Abogados","publisher":{"@id":"https:\/\/ccbabogados.com\/#organization"},"potentialAction":[{"@type":"SearchAction","target":{"@type":"EntryPoint","urlTemplate":"https:\/\/ccbabogados.com\/?s={search_term_string}"},"query-input":{"@type":"PropertyValueSpecification","valueRequired":true,"valueName":"search_term_string"}}],"inLanguage":"en-US"},{"@type":"Organization","@id":"https:\/\/ccbabogados.com\/#organization","name":"CCB Abogados","url":"https:\/\/ccbabogados.com\/","logo":{"@type":"ImageObject","inLanguage":"en-US","@id":"https:\/\/ccbabogados.com\/#\/schema\/logo\/image\/","url":"https:\/\/ccbabogados.com\/wp-content\/uploads\/2023\/07\/ccb-logo-new-1.png","contentUrl":"https:\/\/ccbabogados.com\/wp-content\/uploads\/2023\/07\/ccb-logo-new-1.png","width":934,"height":917,"caption":"CCB Abogados"},"image":{"@id":"https:\/\/ccbabogados.com\/#\/schema\/logo\/image\/"}}]}},"_links":{"self":[{"href":"https:\/\/ccbabogados.com\/en\/wp-json\/wp\/v2\/pages\/2459","targetHints":{"allow":["GET"]}}],"collection":[{"href":"https:\/\/ccbabogados.com\/en\/wp-json\/wp\/v2\/pages"}],"about":[{"href":"https:\/\/ccbabogados.com\/en\/wp-json\/wp\/v2\/types\/page"}],"author":[{"embeddable":true,"href":"https:\/\/ccbabogados.com\/en\/wp-json\/wp\/v2\/users\/1"}],"replies":[{"embeddable":true,"href":"https:\/\/ccbabogados.com\/en\/wp-json\/wp\/v2\/comments?post=2459"}],"version-history":[{"count":1,"href":"https:\/\/ccbabogados.com\/en\/wp-json\/wp\/v2\/pages\/2459\/revisions"}],"predecessor-version":[{"id":2461,"href":"https:\/\/ccbabogados.com\/en\/wp-json\/wp\/v2\/pages\/2459\/revisions\/2461"}],"wp:attachment":[{"href":"https:\/\/ccbabogados.com\/en\/wp-json\/wp\/v2\/media?parent=2459"}],"curies":[{"name":"wp","href":"https:\/\/api.w.org\/{rel}","templated":true}]}}