{"id":1309,"date":"2023-07-12T00:07:13","date_gmt":"2023-07-12T00:07:13","guid":{"rendered":"https:\/\/ccbabogados.com\/?page_id=1309"},"modified":"2026-03-11T18:46:29","modified_gmt":"2026-03-11T18:46:29","slug":"maria-jose-teran","status":"publish","type":"page","link":"https:\/\/ccbabogados.com\/en\/maria-jose-teran\/","title":{"rendered":"Mar\u00eda Jos\u00e9 Ter\u00e1n"},"content":{"rendered":"<p><div id=\"experience\"><div class=\"fusion-fullwidth fullwidth-box fusion-builder-row-1 hundred-percent-fullwidth non-hundred-percent-height-scrolling fusion-equal-height-columns\"  style='background-color: #1c212a;background-position: left top;background-repeat: no-repeat;padding-top:0px;padding-bottom:0px;margin-bottom: 0px;margin-top: 0px;border-top-width:0px;border-bottom-width:0px;border-color:#eae9e9;border-top-style:solid;border-bottom-style:solid;'><div class=\"fusion-builder-row fusion-row\"><div  class=\"fusion-layout-column fusion_builder_column fusion_builder_column_1_2 fusion-builder-column-0 fusion-one-half fusion-column-first 1_2\"  style='margin-top:0px;margin-bottom:0px;'><div class=\"fusion-column-wrapper\" style=\"background-color:#1c212a;padding: 115px 10% 172px 10%;background-position:left top;background-repeat:no-repeat;-webkit-background-size:cover;-moz-background-size:cover;-o-background-size:cover;background-size:cover;\"   data-bg-url=\"\"><style type=\"text\/css\"><\/style><div class=\"fusion-title title fusion-title-1 fusion-title-text fusion-title-size-two\" style=\"font-size:50PX;margin-top:0px;margin-bottom:31px;\"><h2 class=\"title-heading-left\" style=\"margin:0;font-size:1em;\"><strong>MAR\u00cdA JOS\u00c9 TER\u00c1N<\/strong><\/h2><div class=\"title-sep-container\"><div class=\"title-sep sep-\" style=\"border-color:#e0dede;\"><\/div><\/div><\/div><div class=\"fusion-sep-clear\"><\/div><div class=\"fusion-separator sep-single sep-solid\" style=\"border-color:#d51317;border-top-width:1px;margin-top:0px;margin-bottom:20px;width:100%;max-width:167px;\"><\/div><div class=\"fusion-text\"><p style=\"text-align: justify;\"><span style=\"font-weight: 400; color: #ffffff;\">Mar\u00eda Jos\u00e9 is an Associate at CCB ABOGADOS with over 5 years of experience in Corporate and Infrastructure Law, specializing in corporate structuring processes, mergers, dissolution, liquidation, and cancellation, statutory reforms, capital increases, as well as advising and accompanying clients in processes with the Superintendence of Companies, Securities and Insurance, Internal Revenue Service, Municipalities, among others. She has experience in due diligence and corporate compliance processes, contract structuring and review, and real estate matters, providing advice to both national and international companies. <\/span><\/p>\n<\/div><div class=\"fusion-sep-clear\"><\/div><div class=\"fusion-separator fusion-full-width-sep sep-none\" style=\"margin-top:20px;\"><\/div><div class=\"fusion-clearfix\"><\/div><\/div><\/div><div  class=\"fusion-layout-column fusion_builder_column fusion_builder_column_1_2 fusion-builder-column-1 fusion-one-half fusion-column-last 1_2\"  style='margin-top:0px;margin-bottom:0px;'><div class=\"fusion-column-wrapper\" style=\"background-color:#1c212a;padding: 115px 10% 115px 10%;background-position:left top;background-repeat:no-repeat;-webkit-background-size:cover;-moz-background-size:cover;-o-background-size:cover;background-size:cover;\"   data-bg-url=\"\"><span class=\"fusion-imageframe imageframe-none imageframe-1 hover-type-none\"><img decoding=\"async\" src=\"https:\/\/ccbabogados.com\/wp-content\/uploads\/2024\/06\/Majo-Teran.jpg\" width=\"1000\" height=\"1500\" alt=\"\" title=\"Majo-Teran\" class=\"img-responsive wp-image-1588\" srcset=\"https:\/\/ccbabogados.com\/wp-content\/uploads\/2024\/06\/Majo-Teran-200x300.jpg 200w, https:\/\/ccbabogados.com\/wp-content\/uploads\/2024\/06\/Majo-Teran-400x600.jpg 400w, https:\/\/ccbabogados.com\/wp-content\/uploads\/2024\/06\/Majo-Teran-600x900.jpg 600w, https:\/\/ccbabogados.com\/wp-content\/uploads\/2024\/06\/Majo-Teran-800x1200.jpg 800w, https:\/\/ccbabogados.com\/wp-content\/uploads\/2024\/06\/Majo-Teran.jpg 1000w\" sizes=\"(max-width: 1215px) 100vw, (max-width: 1919px) 800px,(min-width: 1920px) 50vw\" \/><\/span><div class=\"fusion-sep-clear\"><\/div><div class=\"fusion-separator fusion-full-width-sep sep-none\" style=\"margin-top:20px;\"><\/div><div class=\"fusion-sep-clear\"><\/div><div class=\"fusion-separator sep-single sep-solid\" style=\"border-color:#d51317;border-top-width:1px;margin-left: auto;margin-right: auto;margin-top:0px;margin-bottom:20px;width:100%;max-width:179px;\"><\/div><div class=\"fusion-sep-clear\"><\/div><div class=\"fusion-separator fusion-full-width-sep sep-none\" style=\"margin-top:20px;\"><\/div><div class=\"fusion-button-wrapper fusion-aligncenter\"><style type=\"text\/css\">.fusion-button.button-1 {border-radius:2px;}<\/style><a class=\"fusion-button button-flat fusion-button-default-size button-default button-1 fusion-button-default-span fusion-button-default-type next-button\" target=\"_self\" href=\"#skill\"><i class=\"fa-chevron-down fas button-icon-left\"><\/i><span class=\"fusion-button-text\">CONTACT<\/span><\/a><\/div><div class=\"fusion-clearfix\"><\/div><\/div><\/div><\/div><\/div><\/div><style type=\"text\/css\">.fusion-fullwidth.fusion-builder-row-1 a:not(.fusion-button):not(.fusion-builder-module-control):not(.fusion-social-network-icon):not(.fb-icon-element):not(.fusion-countdown-link):not(.fusion-rollover-link):not(.fusion-rollover-gallery):not(.add_to_cart_button):not(.show_details_button):not(.product_type_external):not(.fusion-quick-view):not(.fusion-rollover-title-link) , .fusion-fullwidth.fusion-builder-row-1 a:not(.fusion-button):not(.fusion-builder-module-control):not(.fusion-social-network-icon):not(.fb-icon-element):not(.fusion-countdown-link):not(.fusion-rollover-link):not(.fusion-rollover-gallery):not(.add_to_cart_button):not(.show_details_button):not(.product_type_external):not(.fusion-quick-view):not(.fusion-rollover-title-link):before, .fusion-fullwidth.fusion-builder-row-1 a:not(.fusion-button):not(.fusion-builder-module-control):not(.fusion-social-network-icon):not(.fb-icon-element):not(.fusion-countdown-link):not(.fusion-rollover-link):not(.fusion-rollover-gallery):not(.add_to_cart_button):not(.show_details_button):not(.product_type_external):not(.fusion-quick-view):not(.fusion-rollover-title-link):after {color: #8f140b;}.fusion-fullwidth.fusion-builder-row-1 a:not(.fusion-button):not(.fusion-builder-module-control):not(.fusion-social-network-icon):not(.fb-icon-element):not(.fusion-countdown-link):not(.fusion-rollover-link):not(.fusion-rollover-gallery):not(.add_to_cart_button):not(.show_details_button):not(.product_type_external):not(.fusion-quick-view):not(.fusion-rollover-title-link):hover, .fusion-fullwidth.fusion-builder-row-1 a:not(.fusion-button):not(.fusion-builder-module-control):not(.fusion-social-network-icon):not(.fb-icon-element):not(.fusion-countdown-link):not(.fusion-rollover-link):not(.fusion-rollover-gallery):not(.add_to_cart_button):not(.show_details_button):not(.product_type_external):not(.fusion-quick-view):not(.fusion-rollover-title-link):hover:before, .fusion-fullwidth.fusion-builder-row-1 a:not(.fusion-button):not(.fusion-builder-module-control):not(.fusion-social-network-icon):not(.fb-icon-element):not(.fusion-countdown-link):not(.fusion-rollover-link):not(.fusion-rollover-gallery):not(.add_to_cart_button):not(.show_details_button):not(.product_type_external):not(.fusion-quick-view):not(.fusion-rollover-title-link):hover:after {color: #8f140b;}.fusion-fullwidth.fusion-builder-row-1 .pagination a.inactive:hover, .fusion-fullwidth.fusion-builder-row-1 .fusion-filters .fusion-filter.fusion-active a {border-color: #8f140b;}.fusion-fullwidth.fusion-builder-row-1 .pagination .current {border-color: #8f140b; background-color: #8f140b;}.fusion-fullwidth.fusion-builder-row-1 .fusion-filters .fusion-filter.fusion-active a, .fusion-fullwidth.fusion-builder-row-1 .fusion-date-and-formats .fusion-format-box, .fusion-fullwidth.fusion-builder-row-1 .fusion-popover, .fusion-fullwidth.fusion-builder-row-1 .tooltip-shortcode {color: #8f140b;}#main .fusion-fullwidth.fusion-builder-row-1 .post .blog-shortcode-post-title a:hover {color: #8f140b;}<\/style><div class=\"fusion-fullwidth fullwidth-box fusion-builder-row-2 nonhundred-percent-fullwidth non-hundred-percent-height-scrolling\"  style='background-color: #1c212a;background-position: center center;background-repeat: no-repeat;padding-top:0px;padding-right:30px;padding-bottom:0px;padding-left:30px;'><div class=\"fusion-builder-row fusion-row\"><div  class=\"fusion-layout-column fusion_builder_column fusion_builder_column_1_1 fusion-builder-column-2 fusion-one-full fusion-column-first fusion-column-last 1_1\"  style='margin-top:0px;margin-bottom:20px;'><div class=\"fusion-column-wrapper\" style=\"background-color:#1c212a;padding: 0px 0px 0px 0px;background-position:left top;background-repeat:no-repeat;-webkit-background-size:cover;-moz-background-size:cover;-o-background-size:cover;background-size:cover;\"   data-bg-url=\"\"><div class=\"fusion-tabs fusion-tabs-1 classic vertical-tabs icon-position-left\"><style type=\"text\/css\">.fusion-tabs.fusion-tabs-1 .nav-tabs li a.tab-link{border-top-color:rgba(26,30,37,0.49);background-color:rgba(26,30,37,0.49);}.fusion-tabs.fusion-tabs-1 .nav-tabs{background-color:#1a1e25;}.fusion-tabs.fusion-tabs-1 .nav-tabs li.active a.tab-link,.fusion-tabs.fusion-tabs-1 .nav-tabs li.active a.tab-link:hover,.fusion-tabs.fusion-tabs-1 .nav-tabs li.active a.tab-link:focus{border-right-color:#1a1e25;}.fusion-tabs.fusion-tabs-1 .nav-tabs li.active a.tab-link,.fusion-tabs.fusion-tabs-1 .nav-tabs li.active a.tab-link:hover,.fusion-tabs.fusion-tabs-1 .nav-tabs li.active a.tab-link:focus{background-color:#1a1e25;}.fusion-tabs.fusion-tabs-1 .nav-tabs li a:hover{background-color:#1a1e25;border-top-color:#1a1e25;}.fusion-tabs.fusion-tabs-1 .tab-pane{background-color:#1a1e25;}.fusion-tabs.fusion-tabs-1 .nav,.fusion-tabs.fusion-tabs-1 .nav-tabs,.fusion-tabs.fusion-tabs-1 .tab-content .tab-pane{border-color:rgba(235,234,234,0);}<\/style><div class=\"nav\"><ul class=\"nav-tabs\"><li class=\"active\"><a class=\"tab-link\" data-toggle=\"tab\" id=\"fusion-tab-\u00c1reasdeespecialidad\" href=\"#tab-85cdb2c113205522f95\"><h4 class=\"fusion-tab-heading\">Areas of Expertise<\/h4><\/a><\/li><li><a class=\"tab-link\" data-toggle=\"tab\" id=\"fusion-tab-estudios\" href=\"#tab-c7ad5a81c335a41a36e\"><h4 class=\"fusion-tab-heading\">Education<\/h4><\/a><\/li><li><a class=\"tab-link\" data-toggle=\"tab\" id=\"fusion-tab-trayectoriaprofesionalrelevante\" href=\"#tab-79cdf265a5516f24fcc\"><h4 class=\"fusion-tab-heading\">Relevant Professional Experience<\/h4><\/a><\/li><li><a class=\"tab-link\" data-toggle=\"tab\" id=\"fusion-tab-membres\u00edasyreconocimientos:\" href=\"#tab-dbe7566921e14035542\"><h4 class=\"fusion-tab-heading\">Memberships and Recognitions: <\/h4><\/a><\/li><\/ul><\/div><div class=\"tab-content\"><div class=\"nav fusion-mobile-tab-nav\"><ul class=\"nav-tabs\"><li class=\"active\"><a class=\"tab-link\" data-toggle=\"tab\" id=\"mobile-fusion-tab-\u00c1reasdeespecialidad\" href=\"#tab-85cdb2c113205522f95\"><h4 class=\"fusion-tab-heading\">Areas of Expertise<\/h4><\/a><\/li><\/ul><\/div><div class=\"tab-pane fade fusion-clearfix in active\" id=\"tab-85cdb2c113205522f95\">\n<p>Corporate<\/p>\n<p>Infrastructure and Real Estate<\/p>\n<\/div><div class=\"nav fusion-mobile-tab-nav\"><ul class=\"nav-tabs\"><li><a class=\"tab-link\" data-toggle=\"tab\" id=\"mobile-fusion-tab-estudios\" href=\"#tab-c7ad5a81c335a41a36e\"><h4 class=\"fusion-tab-heading\">Education<\/h4><\/a><\/li><\/ul><\/div><div class=\"tab-pane fade fusion-clearfix\" id=\"tab-c7ad5a81c335a41a36e\">\n<p>Attorney - Universidad de las Am\u00e9ricas (Ecuador).<\/p>\n<p>M\u00e1ster en Compliance, Fraude y Blanqueo en EALDE &#8211; Universidad Cat\u00f3lica San Antonio de Murcia (Espa\u00f1a).<\/p>\n<\/div><div class=\"nav fusion-mobile-tab-nav\"><ul class=\"nav-tabs\"><li><a class=\"tab-link\" data-toggle=\"tab\" id=\"mobile-fusion-tab-trayectoriaprofesionalrelevante\" href=\"#tab-79cdf265a5516f24fcc\"><h4 class=\"fusion-tab-heading\">Relevant Professional Experience<\/h4><\/a><\/li><\/ul><\/div><div class=\"tab-pane fade fusion-clearfix\" id=\"tab-79cdf265a5516f24fcc\">\n<p>Associate \u2013 CCB ABOGADOS<\/p>\n<p>Attorney - Tobar Maruri &amp; CO Abogados.<\/p>\n<p>Junior attorney - Fabara &amp; Compa\u00f1\u00eda Abogados.<\/p>\n<\/div><div class=\"nav fusion-mobile-tab-nav\"><ul class=\"nav-tabs\"><li><a class=\"tab-link\" data-toggle=\"tab\" id=\"mobile-fusion-tab-membres\u00edasyreconocimientos:\" href=\"#tab-dbe7566921e14035542\"><h4 class=\"fusion-tab-heading\">Memberships and Recognitions: <\/h4><\/a><\/li><\/ul><\/div><div class=\"tab-pane fade fusion-clearfix\" id=\"tab-dbe7566921e14035542\">\n<p>Forum of Lawyers<\/p>\n<\/div><\/div><\/div><div class=\"fusion-clearfix\"><\/div><\/div><\/div><\/div><\/div><style type=\"text\/css\">.fusion-fullwidth.fusion-builder-row-2 a:not(.fusion-button):not(.fusion-builder-module-control):not(.fusion-social-network-icon):not(.fb-icon-element):not(.fusion-countdown-link):not(.fusion-rollover-link):not(.fusion-rollover-gallery):not(.add_to_cart_button):not(.show_details_button):not(.product_type_external):not(.fusion-quick-view):not(.fusion-rollover-title-link) , .fusion-fullwidth.fusion-builder-row-2 a:not(.fusion-button):not(.fusion-builder-module-control):not(.fusion-social-network-icon):not(.fb-icon-element):not(.fusion-countdown-link):not(.fusion-rollover-link):not(.fusion-rollover-gallery):not(.add_to_cart_button):not(.show_details_button):not(.product_type_external):not(.fusion-quick-view):not(.fusion-rollover-title-link):before, .fusion-fullwidth.fusion-builder-row-2 a:not(.fusion-button):not(.fusion-builder-module-control):not(.fusion-social-network-icon):not(.fb-icon-element):not(.fusion-countdown-link):not(.fusion-rollover-link):not(.fusion-rollover-gallery):not(.add_to_cart_button):not(.show_details_button):not(.product_type_external):not(.fusion-quick-view):not(.fusion-rollover-title-link):after {color: #8f140b;}.fusion-fullwidth.fusion-builder-row-2 a:not(.fusion-button):not(.fusion-builder-module-control):not(.fusion-social-network-icon):not(.fb-icon-element):not(.fusion-countdown-link):not(.fusion-rollover-link):not(.fusion-rollover-gallery):not(.add_to_cart_button):not(.show_details_button):not(.product_type_external):not(.fusion-quick-view):not(.fusion-rollover-title-link):hover, .fusion-fullwidth.fusion-builder-row-2 a:not(.fusion-button):not(.fusion-builder-module-control):not(.fusion-social-network-icon):not(.fb-icon-element):not(.fusion-countdown-link):not(.fusion-rollover-link):not(.fusion-rollover-gallery):not(.add_to_cart_button):not(.show_details_button):not(.product_type_external):not(.fusion-quick-view):not(.fusion-rollover-title-link):hover:before, .fusion-fullwidth.fusion-builder-row-2 a:not(.fusion-button):not(.fusion-builder-module-control):not(.fusion-social-network-icon):not(.fb-icon-element):not(.fusion-countdown-link):not(.fusion-rollover-link):not(.fusion-rollover-gallery):not(.add_to_cart_button):not(.show_details_button):not(.product_type_external):not(.fusion-quick-view):not(.fusion-rollover-title-link):hover:after {color: #8f140b;}.fusion-fullwidth.fusion-builder-row-2 .pagination a.inactive:hover, .fusion-fullwidth.fusion-builder-row-2 .fusion-filters .fusion-filter.fusion-active a {border-color: #8f140b;}.fusion-fullwidth.fusion-builder-row-2 .pagination .current {border-color: #8f140b; background-color: #8f140b;}.fusion-fullwidth.fusion-builder-row-2 .fusion-filters .fusion-filter.fusion-active a, .fusion-fullwidth.fusion-builder-row-2 .fusion-date-and-formats .fusion-format-box, .fusion-fullwidth.fusion-builder-row-2 .fusion-popover, .fusion-fullwidth.fusion-builder-row-2 .tooltip-shortcode {color: #8f140b;}#main .fusion-fullwidth.fusion-builder-row-2 .post .blog-shortcode-post-title a:hover {color: #8f140b;}<\/style><\/p>","protected":false},"excerpt":{"rendered":"","protected":false},"author":1,"featured_media":0,"parent":0,"menu_order":0,"comment_status":"closed","ping_status":"open","template":"100-width.php","meta":{"footnotes":""},"class_list":["post-1309","page","type-page","status-publish","hentry"],"yoast_head":"<!-- This site is optimized with the Yoast SEO Premium plugin v25.5 (Yoast SEO v26.9) - https:\/\/yoast.com\/product\/yoast-seo-premium-wordpress\/ -->\n<title>Mar\u00eda Jos\u00e9 Ter\u00e1n - CCB Abogados<\/title>\n<meta name=\"robots\" content=\"index, follow, max-snippet:-1, max-image-preview:large, max-video-preview:-1\" \/>\n<link rel=\"canonical\" href=\"https:\/\/ccbabogados.com\/en\/maria-jose-teran\/\" \/>\n<meta property=\"og:locale\" content=\"en_US\" \/>\n<meta property=\"og:type\" content=\"article\" \/>\n<meta property=\"og:title\" content=\"Mar\u00eda Jos\u00e9 Ter\u00e1n\" \/>\n<meta property=\"og:url\" content=\"https:\/\/ccbabogados.com\/en\/maria-jose-teran\/\" \/>\n<meta property=\"og:site_name\" content=\"CCB Abogados\" \/>\n<meta property=\"article:modified_time\" content=\"2026-03-11T18:46:29+00:00\" \/>\n<meta name=\"twitter:card\" content=\"summary_large_image\" \/>\n<meta name=\"twitter:label1\" content=\"Est. reading time\" \/>\n\t<meta name=\"twitter:data1\" content=\"3 minutes\" \/>\n<script type=\"application\/ld+json\" class=\"yoast-schema-graph\">{\"@context\":\"https:\/\/schema.org\",\"@graph\":[{\"@type\":\"WebPage\",\"@id\":\"https:\/\/ccbabogados.com\/maria-jose-teran\/\",\"url\":\"https:\/\/ccbabogados.com\/maria-jose-teran\/\",\"name\":\"Mar\u00eda Jos\u00e9 Ter\u00e1n - CCB Abogados\",\"isPartOf\":{\"@id\":\"https:\/\/ccbabogados.com\/#website\"},\"datePublished\":\"2023-07-12T00:07:13+00:00\",\"dateModified\":\"2026-03-11T18:46:29+00:00\",\"breadcrumb\":{\"@id\":\"https:\/\/ccbabogados.com\/maria-jose-teran\/#breadcrumb\"},\"inLanguage\":\"en-US\",\"potentialAction\":[{\"@type\":\"ReadAction\",\"target\":[\"https:\/\/ccbabogados.com\/maria-jose-teran\/\"]}]},{\"@type\":\"BreadcrumbList\",\"@id\":\"https:\/\/ccbabogados.com\/maria-jose-teran\/#breadcrumb\",\"itemListElement\":[{\"@type\":\"ListItem\",\"position\":1,\"name\":\"Portada\",\"item\":\"https:\/\/ccbabogados.com\/\"},{\"@type\":\"ListItem\",\"position\":2,\"name\":\"Mar\u00eda Jos\u00e9 Ter\u00e1n\"}]},{\"@type\":\"WebSite\",\"@id\":\"https:\/\/ccbabogados.com\/#website\",\"url\":\"https:\/\/ccbabogados.com\/\",\"name\":\"CCB ABOGADOS\",\"description\":\"CCB Abogados\",\"publisher\":{\"@id\":\"https:\/\/ccbabogados.com\/#organization\"},\"potentialAction\":[{\"@type\":\"SearchAction\",\"target\":{\"@type\":\"EntryPoint\",\"urlTemplate\":\"https:\/\/ccbabogados.com\/?s={search_term_string}\"},\"query-input\":{\"@type\":\"PropertyValueSpecification\",\"valueRequired\":true,\"valueName\":\"search_term_string\"}}],\"inLanguage\":\"en-US\"},{\"@type\":\"Organization\",\"@id\":\"https:\/\/ccbabogados.com\/#organization\",\"name\":\"CCB Abogados\",\"url\":\"https:\/\/ccbabogados.com\/\",\"logo\":{\"@type\":\"ImageObject\",\"inLanguage\":\"en-US\",\"@id\":\"https:\/\/ccbabogados.com\/#\/schema\/logo\/image\/\",\"url\":\"https:\/\/ccbabogados.com\/wp-content\/uploads\/2023\/07\/ccb-logo-new-1.png\",\"contentUrl\":\"https:\/\/ccbabogados.com\/wp-content\/uploads\/2023\/07\/ccb-logo-new-1.png\",\"width\":934,\"height\":917,\"caption\":\"CCB Abogados\"},\"image\":{\"@id\":\"https:\/\/ccbabogados.com\/#\/schema\/logo\/image\/\"}}]}<\/script>\n<!-- \/ Yoast SEO Premium plugin. -->","yoast_head_json":{"title":"Mar\u00eda Jos\u00e9 Ter\u00e1n - CCB Abogados","robots":{"index":"index","follow":"follow","max-snippet":"max-snippet:-1","max-image-preview":"max-image-preview:large","max-video-preview":"max-video-preview:-1"},"canonical":"https:\/\/ccbabogados.com\/en\/maria-jose-teran\/","og_locale":"en_US","og_type":"article","og_title":"Mar\u00eda Jos\u00e9 Ter\u00e1n","og_url":"https:\/\/ccbabogados.com\/en\/maria-jose-teran\/","og_site_name":"CCB Abogados","article_modified_time":"2026-03-11T18:46:29+00:00","twitter_card":"summary_large_image","twitter_misc":{"Est. reading time":"3 minutes"},"schema":{"@context":"https:\/\/schema.org","@graph":[{"@type":"WebPage","@id":"https:\/\/ccbabogados.com\/maria-jose-teran\/","url":"https:\/\/ccbabogados.com\/maria-jose-teran\/","name":"Mar\u00eda Jos\u00e9 Ter\u00e1n - CCB Abogados","isPartOf":{"@id":"https:\/\/ccbabogados.com\/#website"},"datePublished":"2023-07-12T00:07:13+00:00","dateModified":"2026-03-11T18:46:29+00:00","breadcrumb":{"@id":"https:\/\/ccbabogados.com\/maria-jose-teran\/#breadcrumb"},"inLanguage":"en-US","potentialAction":[{"@type":"ReadAction","target":["https:\/\/ccbabogados.com\/maria-jose-teran\/"]}]},{"@type":"BreadcrumbList","@id":"https:\/\/ccbabogados.com\/maria-jose-teran\/#breadcrumb","itemListElement":[{"@type":"ListItem","position":1,"name":"Portada","item":"https:\/\/ccbabogados.com\/"},{"@type":"ListItem","position":2,"name":"Mar\u00eda Jos\u00e9 Ter\u00e1n"}]},{"@type":"WebSite","@id":"https:\/\/ccbabogados.com\/#website","url":"https:\/\/ccbabogados.com\/","name":"CCB ABOGADOS","description":"CCB Abogados","publisher":{"@id":"https:\/\/ccbabogados.com\/#organization"},"potentialAction":[{"@type":"SearchAction","target":{"@type":"EntryPoint","urlTemplate":"https:\/\/ccbabogados.com\/?s={search_term_string}"},"query-input":{"@type":"PropertyValueSpecification","valueRequired":true,"valueName":"search_term_string"}}],"inLanguage":"en-US"},{"@type":"Organization","@id":"https:\/\/ccbabogados.com\/#organization","name":"CCB Abogados","url":"https:\/\/ccbabogados.com\/","logo":{"@type":"ImageObject","inLanguage":"en-US","@id":"https:\/\/ccbabogados.com\/#\/schema\/logo\/image\/","url":"https:\/\/ccbabogados.com\/wp-content\/uploads\/2023\/07\/ccb-logo-new-1.png","contentUrl":"https:\/\/ccbabogados.com\/wp-content\/uploads\/2023\/07\/ccb-logo-new-1.png","width":934,"height":917,"caption":"CCB Abogados"},"image":{"@id":"https:\/\/ccbabogados.com\/#\/schema\/logo\/image\/"}}]}},"_links":{"self":[{"href":"https:\/\/ccbabogados.com\/en\/wp-json\/wp\/v2\/pages\/1309","targetHints":{"allow":["GET"]}}],"collection":[{"href":"https:\/\/ccbabogados.com\/en\/wp-json\/wp\/v2\/pages"}],"about":[{"href":"https:\/\/ccbabogados.com\/en\/wp-json\/wp\/v2\/types\/page"}],"author":[{"embeddable":true,"href":"https:\/\/ccbabogados.com\/en\/wp-json\/wp\/v2\/users\/1"}],"replies":[{"embeddable":true,"href":"https:\/\/ccbabogados.com\/en\/wp-json\/wp\/v2\/comments?post=1309"}],"version-history":[{"count":1,"href":"https:\/\/ccbabogados.com\/en\/wp-json\/wp\/v2\/pages\/1309\/revisions"}],"predecessor-version":[{"id":2447,"href":"https:\/\/ccbabogados.com\/en\/wp-json\/wp\/v2\/pages\/1309\/revisions\/2447"}],"wp:attachment":[{"href":"https:\/\/ccbabogados.com\/en\/wp-json\/wp\/v2\/media?parent=1309"}],"curies":[{"name":"wp","href":"https:\/\/api.w.org\/{rel}","templated":true}]}}